{"id":8690,"date":"2023-11-09T16:07:35","date_gmt":"2023-11-09T16:07:35","guid":{"rendered":"https:\/\/dropinboards.com\/?post_type=product&#038;p=8690"},"modified":"2024-11-12T00:46:19","modified_gmt":"2024-11-12T00:46:19","slug":"shoe-goo-transparant","status":"publish","type":"product","link":"https:\/\/dropinboards.com\/sl\/izdelek\/shoe-goo-transparant\/","title":{"rendered":"Shoe Goo Transparant"},"content":{"rendered":"","protected":false},"excerpt":{"rendered":"<p>Barva; prozoren<\/p>\n<p>The Classic Shoe Goo<\/p>\n<p>Vodoodpornost:<br \/>\nShoe GOO je vodoodporen takoj po nanosu. Shoe GOO nanesite neposredno na povr\u0161ino, ki jo je treba zatesniti. Uporabite tanke nanose Shoe GOO, da ustvarite debelej\u0161i nanos; vsak sloj naj se su\u0161i 3-4 ure. To je \u0161e posebej idealno za gladke povr\u0161ine, kot so plastika, steklo ali keramika. Shoe GOO se strjujei z izhlapevanjem topila, zato  zagotovite \u010das za temeljito utrjevanje in s tem zagotovite pravilno lepljenje in odpornost proti obrabi.<\/p>\n<p>Popravilo podplata \u010devljev:<br \/>\n\u010ce ima obrabljen \u010develj luknjo, ki sega vse do podplata, prelepite v \u010devlju luknjo s trakom, preden nanesete Shoe GOO na zunanji podplat. Tako se boste izognili ustvarjanju izboklin. Trak je treba odstraniti z notranje strani in v dveh urah zgladiti vse izbokline, preden je lepilo popolnoma trdo.<\/p>\n<p>Ribi\u0161tvo in oprema za slabo vreme:<br \/>\nNekatere ribi\u0161ke hla\u010de in oprema za slabo vreme imajo vodoodbojni premaz, ki ga je potrebno odstraniti, preden se bo Shoe GOO lepil. Obri\u0161ite obmo\u010dje z detergentom in pustite, da se posu\u0161i. Pred nanosom Shoe GOO rahlo zbrusite povr\u0161ino. \u010ce se vez \u0161e vedno odpre, je treba popravilo opraviti na notranji povr\u0161ini predmeta, ki je obi\u010dajno oja\u010dana s tkanino.<\/p>\n<p>Uporabi Shoe GOO za:<br \/>\n-Obnovo \u010devljev \u010dez no\u010d<br \/>\n-Zatesnitev gumijaste \u0161kornje, galo\u0161e in hla\u010de.<br \/>\n-Premaz in za\u0161\u010dito \u010devlje pred obrabo<br \/>\n-Popravilo po\u0161kodovanih pet<br \/>\n-Fiksiranje notranjih vlo\u017ekov<br \/>\n-Oja\u010ditev \u010devljev za skateboarding<br \/>\n-Premaz na skate deski za dodatni oprijem<\/p>","protected":false},"featured_media":10731,"template":"","meta":[],"product_brand":[],"product_cat":[168],"product_tag":[],"class_list":{"0":"post-8690","1":"product","2":"type-product","3":"status-publish","4":"has-post-thumbnail","6":"product_cat-accesories","8":"first","9":"outofstock","10":"taxable","11":"shipping-taxable","12":"purchasable","13":"product-type-variable"},"jetpack_sharing_enabled":true,"_links":{"self":[{"href":"https:\/\/dropinboards.com\/sl\/wp-json\/wp\/v2\/product\/8690","targetHints":{"allow":["GET"]}}],"collection":[{"href":"https:\/\/dropinboards.com\/sl\/wp-json\/wp\/v2\/product"}],"about":[{"href":"https:\/\/dropinboards.com\/sl\/wp-json\/wp\/v2\/types\/product"}],"wp:featuredmedia":[{"embeddable":true,"href":"https:\/\/dropinboards.com\/sl\/wp-json\/wp\/v2\/media\/10731"}],"wp:attachment":[{"href":"https:\/\/dropinboards.com\/sl\/wp-json\/wp\/v2\/media?parent=8690"}],"wp:term":[{"taxonomy":"product_brand","embeddable":true,"href":"https:\/\/dropinboards.com\/sl\/wp-json\/wp\/v2\/product_brand?post=8690"},{"taxonomy":"product_cat","embeddable":true,"href":"https:\/\/dropinboards.com\/sl\/wp-json\/wp\/v2\/product_cat?post=8690"},{"taxonomy":"product_tag","embeddable":true,"href":"https:\/\/dropinboards.com\/sl\/wp-json\/wp\/v2\/product_tag?post=8690"}],"curies":[{"name":"wp","href":"https:\/\/api.w.org\/{rel}","templated":true}]}}