{"id":9117,"date":"2024-05-08T17:13:06","date_gmt":"2024-05-08T17:13:06","guid":{"rendered":"https:\/\/dropinboards.com\/?page_id=9117"},"modified":"2025-10-30T16:11:09","modified_gmt":"2025-10-30T16:11:09","slug":"team","status":"publish","type":"page","link":"https:\/\/dropinboards.com\/sl\/team\/","title":{"rendered":"Team"},"content":{"rendered":"<div data-elementor-type=\"wp-page\" data-elementor-id=\"9117\" class=\"elementor elementor-9117\" data-elementor-post-type=\"page\">\n\t\t\t\t<div class=\"elementor-element elementor-element-05a16cd e-flex e-con-boxed e-con e-parent\" data-id=\"05a16cd\" data-element_type=\"container\" data-e-type=\"container\">\n\t\t\t\t\t<div class=\"e-con-inner\">\n\t\t<div class=\"elementor-element elementor-element-bb4c4cd e-con-full e-flex e-con e-child\" data-id=\"bb4c4cd\" data-element_type=\"container\" data-e-type=\"container\">\n\t\t\t\t<div class=\"elementor-element elementor-element-b4b9eda elementor-widget elementor-widget-image\" data-id=\"b4b9eda\" data-element_type=\"widget\" data-e-type=\"widget\" data-widget_type=\"image.default\">\n\t\t\t\t<div class=\"elementor-widget-container\">\n\t\t\t\t\t\t\t\t\t\t\t\t\t\t\t\t<a href=\"https:\/\/www.instagram.com\/tica_sunshine\/\" target=\"_blank\">\n\t\t\t\t\t\t\t<img fetchpriority=\"high\" decoding=\"async\" width=\"800\" height=\"1000\" src=\"https:\/\/dropinboards.com\/wp-content\/uploads\/2024\/05\/Bruno-Vranic-Tica-819x1024.png\" class=\"attachment-large size-large wp-image-9120\" alt=\"\" srcset=\"https:\/\/dropinboards.com\/wp-content\/uploads\/2024\/05\/Bruno-Vranic-Tica-819x1024.png 819w, https:\/\/dropinboards.com\/wp-content\/uploads\/2024\/05\/Bruno-Vranic-Tica-300x375.png 300w, https:\/\/dropinboards.com\/wp-content\/uploads\/2024\/05\/Bruno-Vranic-Tica-600x750.png 600w, https:\/\/dropinboards.com\/wp-content\/uploads\/2024\/05\/Bruno-Vranic-Tica-64x80.png 64w, https:\/\/dropinboards.com\/wp-content\/uploads\/2024\/05\/Bruno-Vranic-Tica-240x300.png 240w, https:\/\/dropinboards.com\/wp-content\/uploads\/2024\/05\/Bruno-Vranic-Tica-768x960.png 768w, https:\/\/dropinboards.com\/wp-content\/uploads\/2024\/05\/Bruno-Vranic-Tica-10x12.png 10w, https:\/\/dropinboards.com\/wp-content\/uploads\/2024\/05\/Bruno-Vranic-Tica.png 1003w\" sizes=\"(max-width: 800px) 100vw, 800px\" \/>\t\t\t\t\t\t\t\t<\/a>\n\t\t\t\t\t\t\t\t\t\t\t\t\t\t\t<\/div>\n\t\t\t\t<\/div>\n\t\t\t\t<div class=\"elementor-element elementor-element-15a87dd elementor-widget elementor-widget-text-editor\" data-id=\"15a87dd\" data-element_type=\"widget\" data-e-type=\"widget\" data-widget_type=\"text-editor.default\">\n\t\t\t\t<div class=\"elementor-widget-container\">\n\t\t\t\t\t\t\t\t\t<p>Bruno Vrani\u0107<\/p>\t\t\t\t\t\t\t\t<\/div>\n\t\t\t\t<\/div>\n\t\t\t\t<\/div>\n\t\t<div class=\"elementor-element elementor-element-61c8ca4 e-con-full e-flex e-con e-child\" data-id=\"61c8ca4\" data-element_type=\"container\" data-e-type=\"container\">\n\t\t\t\t<div class=\"elementor-element elementor-element-959c0a1 elementor-widget elementor-widget-image\" data-id=\"959c0a1\" data-element_type=\"widget\" data-e-type=\"widget\" data-widget_type=\"image.default\">\n\t\t\t\t<div class=\"elementor-widget-container\">\n\t\t\t\t\t\t\t\t\t\t\t\t\t\t\t\t<a href=\"https:\/\/www.instagram.com\/janezmzorec\/\" target=\"_blank\">\n\t\t\t\t\t\t\t<img decoding=\"async\" width=\"502\" height=\"628\" src=\"https:\/\/dropinboards.com\/wp-content\/uploads\/2024\/05\/Janez-Maksimiljan-Zorec.png\" class=\"attachment-large size-large wp-image-9122\" alt=\"\" srcset=\"https:\/\/dropinboards.com\/wp-content\/uploads\/2024\/05\/Janez-Maksimiljan-Zorec.png 502w, https:\/\/dropinboards.com\/wp-content\/uploads\/2024\/05\/Janez-Maksimiljan-Zorec-300x375.png 300w, https:\/\/dropinboards.com\/wp-content\/uploads\/2024\/05\/Janez-Maksimiljan-Zorec-64x80.png 64w, https:\/\/dropinboards.com\/wp-content\/uploads\/2024\/05\/Janez-Maksimiljan-Zorec-240x300.png 240w, https:\/\/dropinboards.com\/wp-content\/uploads\/2024\/05\/Janez-Maksimiljan-Zorec-10x12.png 10w\" sizes=\"(max-width: 502px) 100vw, 502px\" \/>\t\t\t\t\t\t\t\t<\/a>\n\t\t\t\t\t\t\t\t\t\t\t\t\t\t\t<\/div>\n\t\t\t\t<\/div>\n\t\t\t\t<div class=\"elementor-element elementor-element-34d886d elementor-widget elementor-widget-text-editor\" data-id=\"34d886d\" data-element_type=\"widget\" data-e-type=\"widget\" data-widget_type=\"text-editor.default\">\n\t\t\t\t<div class=\"elementor-widget-container\">\n\t\t\t\t\t\t\t\t\t<p>Janez M. Zorec<\/p>\t\t\t\t\t\t\t\t<\/div>\n\t\t\t\t<\/div>\n\t\t\t\t<\/div>\n\t\t\t\t\t<\/div>\n\t\t\t\t<\/div>\n\t\t<div class=\"elementor-element elementor-element-11ecf60 e-flex e-con-boxed e-con e-parent\" data-id=\"11ecf60\" data-element_type=\"container\" data-e-type=\"container\">\n\t\t\t\t\t<div class=\"e-con-inner\">\n\t\t<div class=\"elementor-element elementor-element-752376b e-con-full e-flex e-con e-child\" data-id=\"752376b\" data-element_type=\"container\" data-e-type=\"container\">\n\t\t\t\t<div class=\"elementor-element elementor-element-38bcf54 elementor-widget elementor-widget-image\" data-id=\"38bcf54\" data-element_type=\"widget\" data-e-type=\"widget\" data-widget_type=\"image.default\">\n\t\t\t\t<div class=\"elementor-widget-container\">\n\t\t\t\t\t\t\t\t\t\t\t\t\t\t\t\t<a href=\"https:\/\/www.instagram.com\/360flipbolts\/\" target=\"_blank\">\n\t\t\t\t\t\t\t<img decoding=\"async\" width=\"800\" height=\"1000\" src=\"https:\/\/dropinboards.com\/wp-content\/uploads\/2024\/05\/Lovro-Leben-819x1024.png\" class=\"attachment-large size-large wp-image-9123\" alt=\"\" srcset=\"https:\/\/dropinboards.com\/wp-content\/uploads\/2024\/05\/Lovro-Leben-819x1024.png 819w, https:\/\/dropinboards.com\/wp-content\/uploads\/2024\/05\/Lovro-Leben-300x375.png 300w, https:\/\/dropinboards.com\/wp-content\/uploads\/2024\/05\/Lovro-Leben-600x750.png 600w, https:\/\/dropinboards.com\/wp-content\/uploads\/2024\/05\/Lovro-Leben-64x80.png 64w, https:\/\/dropinboards.com\/wp-content\/uploads\/2024\/05\/Lovro-Leben-240x300.png 240w, https:\/\/dropinboards.com\/wp-content\/uploads\/2024\/05\/Lovro-Leben-768x960.png 768w, https:\/\/dropinboards.com\/wp-content\/uploads\/2024\/05\/Lovro-Leben-10x12.png 10w, https:\/\/dropinboards.com\/wp-content\/uploads\/2024\/05\/Lovro-Leben.png 1003w\" sizes=\"(max-width: 800px) 100vw, 800px\" \/>\t\t\t\t\t\t\t\t<\/a>\n\t\t\t\t\t\t\t\t\t\t\t\t\t\t\t<\/div>\n\t\t\t\t<\/div>\n\t\t\t\t<div class=\"elementor-element elementor-element-acca0be elementor-widget elementor-widget-text-editor\" data-id=\"acca0be\" data-element_type=\"widget\" data-e-type=\"widget\" data-widget_type=\"text-editor.default\">\n\t\t\t\t<div class=\"elementor-widget-container\">\n\t\t\t\t\t\t\t\t\t<p>Lovro Leben<\/p>\t\t\t\t\t\t\t\t<\/div>\n\t\t\t\t<\/div>\n\t\t\t\t<\/div>\n\t\t<div class=\"elementor-element elementor-element-e53a4b7 e-con-full e-flex e-con e-child\" data-id=\"e53a4b7\" data-element_type=\"container\" data-e-type=\"container\">\n\t\t\t\t<div class=\"elementor-element elementor-element-4f0c64c elementor-widget elementor-widget-image\" data-id=\"4f0c64c\" data-element_type=\"widget\" data-e-type=\"widget\" data-widget_type=\"image.default\">\n\t\t\t\t<div class=\"elementor-widget-container\">\n\t\t\t\t\t\t\t\t\t\t\t\t\t\t\t\t<a href=\"https:\/\/www.instagram.com\/domagoj_gudac\/\" target=\"_blank\">\n\t\t\t\t\t\t\t<img loading=\"lazy\" decoding=\"async\" width=\"800\" height=\"1000\" src=\"https:\/\/dropinboards.com\/wp-content\/uploads\/2024\/05\/Domagoj-Gudac-819x1024.png\" class=\"attachment-large size-large wp-image-9121\" alt=\"\" srcset=\"https:\/\/dropinboards.com\/wp-content\/uploads\/2024\/05\/Domagoj-Gudac-819x1024.png 819w, https:\/\/dropinboards.com\/wp-content\/uploads\/2024\/05\/Domagoj-Gudac-300x375.png 300w, https:\/\/dropinboards.com\/wp-content\/uploads\/2024\/05\/Domagoj-Gudac-600x750.png 600w, https:\/\/dropinboards.com\/wp-content\/uploads\/2024\/05\/Domagoj-Gudac-64x80.png 64w, https:\/\/dropinboards.com\/wp-content\/uploads\/2024\/05\/Domagoj-Gudac-240x300.png 240w, https:\/\/dropinboards.com\/wp-content\/uploads\/2024\/05\/Domagoj-Gudac-768x960.png 768w, https:\/\/dropinboards.com\/wp-content\/uploads\/2024\/05\/Domagoj-Gudac-10x12.png 10w, https:\/\/dropinboards.com\/wp-content\/uploads\/2024\/05\/Domagoj-Gudac.png 1003w\" sizes=\"(max-width: 800px) 100vw, 800px\" \/>\t\t\t\t\t\t\t\t<\/a>\n\t\t\t\t\t\t\t\t\t\t\t\t\t\t\t<\/div>\n\t\t\t\t<\/div>\n\t\t\t\t<div class=\"elementor-element elementor-element-620e0e2 elementor-widget elementor-widget-text-editor\" data-id=\"620e0e2\" data-element_type=\"widget\" data-e-type=\"widget\" data-widget_type=\"text-editor.default\">\n\t\t\t\t<div class=\"elementor-widget-container\">\n\t\t\t\t\t\t\t\t\t<p>Domagoj Gudac<\/p>\t\t\t\t\t\t\t\t<\/div>\n\t\t\t\t<\/div>\n\t\t\t\t<\/div>\n\t\t\t\t\t<\/div>\n\t\t\t\t<\/div>\n\t\t<div class=\"elementor-element elementor-element-09e9517 e-flex e-con-boxed e-con e-parent\" data-id=\"09e9517\" data-element_type=\"container\" data-e-type=\"container\">\n\t\t\t\t\t<div class=\"e-con-inner\">\n\t\t<div class=\"elementor-element elementor-element-67563a4 e-con-full e-flex e-con e-child\" data-id=\"67563a4\" data-element_type=\"container\" data-e-type=\"container\">\n\t\t\t\t<div class=\"elementor-element elementor-element-a4d5e2a elementor-widget elementor-widget-image\" data-id=\"a4d5e2a\" data-element_type=\"widget\" data-e-type=\"widget\" data-widget_type=\"image.default\">\n\t\t\t\t<div class=\"elementor-widget-container\">\n\t\t\t\t\t\t\t\t\t\t\t\t\t\t\t\t<a href=\"https:\/\/www.facebook.com\/robert.kos.9\" target=\"_blank\">\n\t\t\t\t\t\t\t<img loading=\"lazy\" decoding=\"async\" width=\"800\" height=\"1000\" src=\"https:\/\/dropinboards.com\/wp-content\/uploads\/2024\/05\/Robert-Kos-819x1024.png\" class=\"attachment-large size-large wp-image-10058\" alt=\"\" srcset=\"https:\/\/dropinboards.com\/wp-content\/uploads\/2024\/05\/Robert-Kos-819x1024.png 819w, https:\/\/dropinboards.com\/wp-content\/uploads\/2024\/05\/Robert-Kos-300x375.png 300w, https:\/\/dropinboards.com\/wp-content\/uploads\/2024\/05\/Robert-Kos-600x750.png 600w, https:\/\/dropinboards.com\/wp-content\/uploads\/2024\/05\/Robert-Kos-64x80.png 64w, https:\/\/dropinboards.com\/wp-content\/uploads\/2024\/05\/Robert-Kos-240x300.png 240w, https:\/\/dropinboards.com\/wp-content\/uploads\/2024\/05\/Robert-Kos-768x960.png 768w, https:\/\/dropinboards.com\/wp-content\/uploads\/2024\/05\/Robert-Kos-10x12.png 10w, https:\/\/dropinboards.com\/wp-content\/uploads\/2024\/05\/Robert-Kos.png 1003w\" sizes=\"(max-width: 800px) 100vw, 800px\" \/>\t\t\t\t\t\t\t\t<\/a>\n\t\t\t\t\t\t\t\t\t\t\t\t\t\t\t<\/div>\n\t\t\t\t<\/div>\n\t\t\t\t<div class=\"elementor-element elementor-element-d325b27 elementor-widget elementor-widget-text-editor\" data-id=\"d325b27\" data-element_type=\"widget\" data-e-type=\"widget\" data-widget_type=\"text-editor.default\">\n\t\t\t\t<div class=\"elementor-widget-container\">\n\t\t\t\t\t\t\t\t\t<p>Robert Kos<\/p>\t\t\t\t\t\t\t\t<\/div>\n\t\t\t\t<\/div>\n\t\t\t\t<\/div>\n\t\t<div class=\"elementor-element elementor-element-b6ba538 e-con-full e-flex e-con e-child\" data-id=\"b6ba538\" data-element_type=\"container\" data-e-type=\"container\">\n\t\t\t\t<div class=\"elementor-element elementor-element-43ea487 elementor-widget elementor-widget-image\" data-id=\"43ea487\" data-element_type=\"widget\" data-e-type=\"widget\" data-widget_type=\"image.default\">\n\t\t\t\t<div class=\"elementor-widget-container\">\n\t\t\t\t\t\t\t\t\t\t\t\t\t\t\t\t<a href=\"https:\/\/www.instagram.com\/shpile_2\/\" target=\"_blank\">\n\t\t\t\t\t\t\t<img loading=\"lazy\" decoding=\"async\" width=\"800\" height=\"1000\" src=\"https:\/\/dropinboards.com\/wp-content\/uploads\/2025\/10\/SIN_0837-819x1024.jpg\" class=\"attachment-large size-large wp-image-11360\" alt=\"\" srcset=\"https:\/\/dropinboards.com\/wp-content\/uploads\/2025\/10\/SIN_0837-819x1024.jpg 819w, https:\/\/dropinboards.com\/wp-content\/uploads\/2025\/10\/SIN_0837-240x300.jpg 240w, https:\/\/dropinboards.com\/wp-content\/uploads\/2025\/10\/SIN_0837-768x960.jpg 768w, https:\/\/dropinboards.com\/wp-content\/uploads\/2025\/10\/SIN_0837-1229x1536.jpg 1229w, https:\/\/dropinboards.com\/wp-content\/uploads\/2025\/10\/SIN_0837-1638x2048.jpg 1638w, https:\/\/dropinboards.com\/wp-content\/uploads\/2025\/10\/SIN_0837-10x12.jpg 10w, https:\/\/dropinboards.com\/wp-content\/uploads\/2025\/10\/SIN_0837-300x375.jpg 300w, https:\/\/dropinboards.com\/wp-content\/uploads\/2025\/10\/SIN_0837-600x750.jpg 600w, https:\/\/dropinboards.com\/wp-content\/uploads\/2025\/10\/SIN_0837-64x80.jpg 64w, https:\/\/dropinboards.com\/wp-content\/uploads\/2025\/10\/SIN_0837-scaled.jpg 2048w\" sizes=\"(max-width: 800px) 100vw, 800px\" \/>\t\t\t\t\t\t\t\t<\/a>\n\t\t\t\t\t\t\t\t\t\t\t\t\t\t\t<\/div>\n\t\t\t\t<\/div>\n\t\t\t\t<div class=\"elementor-element elementor-element-12766d0 elementor-widget elementor-widget-text-editor\" data-id=\"12766d0\" data-element_type=\"widget\" data-e-type=\"widget\" data-widget_type=\"text-editor.default\">\n\t\t\t\t<div class=\"elementor-widget-container\">\n\t\t\t\t\t\t\t\t\t<p style=\"text-align: center;\">Petar Spiedlick<\/p>\t\t\t\t\t\t\t\t<\/div>\n\t\t\t\t<\/div>\n\t\t\t\t<\/div>\n\t\t\t\t\t<\/div>\n\t\t\t\t<\/div>\n\t\t<div class=\"elementor-element elementor-element-ef33c59 e-flex e-con-boxed e-con e-parent\" data-id=\"ef33c59\" data-element_type=\"container\" data-e-type=\"container\">\n\t\t\t\t\t<div class=\"e-con-inner\">\n\t\t\t\t<div class=\"elementor-element elementor-element-31543a7 elementor-widget elementor-widget-heading\" data-id=\"31543a7\" data-element_type=\"widget\" data-e-type=\"widget\" data-widget_type=\"heading.default\">\n\t\t\t\t<div class=\"elementor-widget-container\">\n\t\t\t\t\t<h2 class=\"elementor-heading-title elementor-size-default\">Family<\/h2>\t\t\t\t<\/div>\n\t\t\t\t<\/div>\n\t\t\t\t\t<\/div>\n\t\t\t\t<\/div>\n\t\t<div class=\"elementor-element elementor-element-48255a1 e-flex e-con-boxed e-con e-parent\" data-id=\"48255a1\" data-element_type=\"container\" data-e-type=\"container\">\n\t\t\t\t\t<div class=\"e-con-inner\">\n\t\t<div class=\"elementor-element elementor-element-36ae414 e-con-full e-flex e-con e-child\" data-id=\"36ae414\" data-element_type=\"container\" data-e-type=\"container\">\n\t\t\t\t<div class=\"elementor-element elementor-element-f5aa5de elementor-widget elementor-widget-image\" data-id=\"f5aa5de\" data-element_type=\"widget\" data-e-type=\"widget\" data-widget_type=\"image.default\">\n\t\t\t\t<div class=\"elementor-widget-container\">\n\t\t\t\t\t\t\t\t\t\t\t\t\t\t\t\t<a href=\"https:\/\/www.instagram.com\/ernestmazarekic\/\" target=\"_blank\">\n\t\t\t\t\t\t\t<img loading=\"lazy\" decoding=\"async\" width=\"800\" height=\"1000\" src=\"https:\/\/dropinboards.com\/wp-content\/uploads\/2025\/05\/SIN_0842-819x1024.jpg\" class=\"attachment-large size-large wp-image-11234\" alt=\"\" srcset=\"https:\/\/dropinboards.com\/wp-content\/uploads\/2025\/05\/SIN_0842-819x1024.jpg 819w, https:\/\/dropinboards.com\/wp-content\/uploads\/2025\/05\/SIN_0842-scaled-300x375.jpg 300w, https:\/\/dropinboards.com\/wp-content\/uploads\/2025\/05\/SIN_0842-scaled-600x750.jpg 600w, https:\/\/dropinboards.com\/wp-content\/uploads\/2025\/05\/SIN_0842-scaled-64x80.jpg 64w, https:\/\/dropinboards.com\/wp-content\/uploads\/2025\/05\/SIN_0842-240x300.jpg 240w, https:\/\/dropinboards.com\/wp-content\/uploads\/2025\/05\/SIN_0842-768x960.jpg 768w, https:\/\/dropinboards.com\/wp-content\/uploads\/2025\/05\/SIN_0842-1229x1536.jpg 1229w, https:\/\/dropinboards.com\/wp-content\/uploads\/2025\/05\/SIN_0842-1639x2048.jpg 1639w, https:\/\/dropinboards.com\/wp-content\/uploads\/2025\/05\/SIN_0842-10x12.jpg 10w, https:\/\/dropinboards.com\/wp-content\/uploads\/2025\/05\/SIN_0842-scaled.jpg 2048w\" sizes=\"(max-width: 800px) 100vw, 800px\" \/>\t\t\t\t\t\t\t\t<\/a>\n\t\t\t\t\t\t\t\t\t\t\t\t\t\t\t<\/div>\n\t\t\t\t<\/div>\n\t\t\t\t<div class=\"elementor-element elementor-element-db90387 elementor-widget elementor-widget-text-editor\" data-id=\"db90387\" data-element_type=\"widget\" data-e-type=\"widget\" data-widget_type=\"text-editor.default\">\n\t\t\t\t<div class=\"elementor-widget-container\">\n\t\t\t\t\t\t\t\t\t<p>Ernest Mazareki\u0107<\/p>\t\t\t\t\t\t\t\t<\/div>\n\t\t\t\t<\/div>\n\t\t\t\t<\/div>\n\t\t<div class=\"elementor-element elementor-element-f8f9e02 e-con-full e-flex e-con e-child\" data-id=\"f8f9e02\" data-element_type=\"container\" data-e-type=\"container\">\n\t\t\t\t<div class=\"elementor-element elementor-element-dd66271 elementor-hidden-desktop elementor-hidden-tablet elementor-hidden-mobile elementor-widget elementor-widget-image\" data-id=\"dd66271\" data-element_type=\"widget\" data-e-type=\"widget\" data-widget_type=\"image.default\">\n\t\t\t\t<div class=\"elementor-widget-container\">\n\t\t\t\t\t\t\t\t\t\t\t\t\t\t\t\t<a href=\"https:\/\/www.instagram.com\/360flipbolts\/\" target=\"_blank\">\n\t\t\t\t\t\t\t<img loading=\"lazy\" decoding=\"async\" width=\"800\" height=\"1000\" src=\"https:\/\/dropinboards.com\/wp-content\/uploads\/2024\/05\/Robert-Kos-819x1024.png\" class=\"attachment-large size-large wp-image-10058\" alt=\"\" srcset=\"https:\/\/dropinboards.com\/wp-content\/uploads\/2024\/05\/Robert-Kos-819x1024.png 819w, https:\/\/dropinboards.com\/wp-content\/uploads\/2024\/05\/Robert-Kos-300x375.png 300w, https:\/\/dropinboards.com\/wp-content\/uploads\/2024\/05\/Robert-Kos-600x750.png 600w, https:\/\/dropinboards.com\/wp-content\/uploads\/2024\/05\/Robert-Kos-64x80.png 64w, https:\/\/dropinboards.com\/wp-content\/uploads\/2024\/05\/Robert-Kos-240x300.png 240w, https:\/\/dropinboards.com\/wp-content\/uploads\/2024\/05\/Robert-Kos-768x960.png 768w, https:\/\/dropinboards.com\/wp-content\/uploads\/2024\/05\/Robert-Kos-10x12.png 10w, https:\/\/dropinboards.com\/wp-content\/uploads\/2024\/05\/Robert-Kos.png 1003w\" sizes=\"(max-width: 800px) 100vw, 800px\" \/>\t\t\t\t\t\t\t\t<\/a>\n\t\t\t\t\t\t\t\t\t\t\t\t\t\t\t<\/div>\n\t\t\t\t<\/div>\n\t\t\t\t<div class=\"elementor-element elementor-element-d713605 elementor-hidden-desktop elementor-hidden-tablet elementor-hidden-mobile elementor-widget elementor-widget-text-editor\" data-id=\"d713605\" data-element_type=\"widget\" data-e-type=\"widget\" data-widget_type=\"text-editor.default\">\n\t\t\t\t<div class=\"elementor-widget-container\">\n\t\t\t\t\t\t\t\t\t<p>Tomislav Vrani\u0107<\/p>\t\t\t\t\t\t\t\t<\/div>\n\t\t\t\t<\/div>\n\t\t\t\t<\/div>\n\t\t\t\t\t<\/div>\n\t\t\t\t<\/div>\n\t\t\t\t<\/div>","protected":false},"excerpt":{"rendered":"<p>Bruno Vrani\u0107 Janez M. Zorec Lovro Leben Domagoj Gudac Robert Kos Petar Spiedlick Family Ernest Mazareki\u0107 Tomislav Vrani\u0107<\/p>","protected":false},"author":3,"featured_media":0,"parent":0,"menu_order":0,"comment_status":"closed","ping_status":"closed","template":"","meta":{"footnotes":""},"class_list":["post-9117","page","type-page","status-publish","hentry"],"jetpack_sharing_enabled":true,"_links":{"self":[{"href":"https:\/\/dropinboards.com\/sl\/wp-json\/wp\/v2\/pages\/9117","targetHints":{"allow":["GET"]}}],"collection":[{"href":"https:\/\/dropinboards.com\/sl\/wp-json\/wp\/v2\/pages"}],"about":[{"href":"https:\/\/dropinboards.com\/sl\/wp-json\/wp\/v2\/types\/page"}],"author":[{"embeddable":true,"href":"https:\/\/dropinboards.com\/sl\/wp-json\/wp\/v2\/users\/3"}],"replies":[{"embeddable":true,"href":"https:\/\/dropinboards.com\/sl\/wp-json\/wp\/v2\/comments?post=9117"}],"version-history":[{"count":85,"href":"https:\/\/dropinboards.com\/sl\/wp-json\/wp\/v2\/pages\/9117\/revisions"}],"predecessor-version":[{"id":11369,"href":"https:\/\/dropinboards.com\/sl\/wp-json\/wp\/v2\/pages\/9117\/revisions\/11369"}],"wp:attachment":[{"href":"https:\/\/dropinboards.com\/sl\/wp-json\/wp\/v2\/media?parent=9117"}],"curies":[{"name":"wp","href":"https:\/\/api.w.org\/{rel}","templated":true}]}}