{"id":6391,"date":"2020-05-06T07:42:25","date_gmt":"2020-05-06T07:42:25","guid":{"rendered":"https:\/\/dropinboards.com\/?page_id=6391"},"modified":"2023-06-26T08:13:10","modified_gmt":"2023-06-26T08:13:10","slug":"impressum","status":"publish","type":"page","link":"https:\/\/dropinboards.com\/sl\/impressum\/","title":{"rendered":"Impressum"},"content":{"rendered":"<div data-elementor-type=\"wp-page\" data-elementor-id=\"6391\" class=\"elementor elementor-6391\" data-elementor-post-type=\"page\">\n\t\t\t\t\t\t<section class=\"elementor-section elementor-top-section elementor-element elementor-element-a2dc4aa elementor-section-boxed elementor-section-height-default elementor-section-height-default\" data-id=\"a2dc4aa\" data-element_type=\"section\" data-e-type=\"section\">\n\t\t\t\t\t\t<div class=\"elementor-container elementor-column-gap-default\">\n\t\t\t\t\t<div class=\"elementor-column elementor-col-100 elementor-top-column elementor-element elementor-element-ed29844\" data-id=\"ed29844\" data-element_type=\"column\" data-e-type=\"column\">\n\t\t\t<div class=\"elementor-widget-wrap elementor-element-populated\">\n\t\t\t\t\t\t<div class=\"elementor-element elementor-element-ba5cf7e elementor-widget elementor-widget-heading\" data-id=\"ba5cf7e\" data-element_type=\"widget\" data-e-type=\"widget\" data-widget_type=\"heading.default\">\n\t\t\t\t<div class=\"elementor-widget-container\">\n\t\t\t\t\t<h2 class=\"elementor-heading-title elementor-size-default\">Impressum<\/h2>\t\t\t\t<\/div>\n\t\t\t\t<\/div>\n\t\t\t\t<div class=\"elementor-element elementor-element-c9225eb elementor-widget elementor-widget-text-editor\" data-id=\"c9225eb\" data-element_type=\"widget\" data-e-type=\"widget\" data-widget_type=\"text-editor.default\">\n\t\t\t\t<div class=\"elementor-widget-container\">\n\t\t\t\t\t\t\t\t\t<p>Uro\u0161 \u017didanek s.p.<\/p><p>Cesta Radomeljske \u010dete 24C,<br \/>Radomlje, 1235 Radomlje<\/p><p>Tel.: +38641599541<\/p><p>E-po\u0161ta: info (at) dropinboards.com<\/p><p>Poslovni ra\u010dun odprt pri NLB d.d.: SI56023044009357855<\/p><p>ID za DDV: SI43934056<\/p><p>Mati\u010dna \u0161tevilka:\u00a08480141000<\/p>\t\t\t\t\t\t\t\t<\/div>\n\t\t\t\t<\/div>\n\t\t\t\t\t<\/div>\n\t\t<\/div>\n\t\t\t\t\t<\/div>\n\t\t<\/section>\n\t\t\t\t<\/div>","protected":false},"excerpt":{"rendered":"<p>Uro\u0161 \u017didanek s.p. Cesta Radomeljske \u010dete 24C,Radomlje, 1235 Radomlje Tel.: +38641599541 E-po\u0161ta: info (at) dropinboards.com Poslovni ra\u010dun odprt pri NLB d.d.: SI56023044009357855 ID za DDV: SI43934056 Mati\u010dna \u0161tevilka:\u00a08480141000<\/p>","protected":false},"author":1,"featured_media":0,"parent":0,"menu_order":0,"comment_status":"closed","ping_status":"closed","template":"elementor_header_footer","meta":{"footnotes":""},"class_list":["post-6391","page","type-page","status-publish","hentry"],"jetpack_sharing_enabled":true,"_links":{"self":[{"href":"https:\/\/dropinboards.com\/sl\/wp-json\/wp\/v2\/pages\/6391","targetHints":{"allow":["GET"]}}],"collection":[{"href":"https:\/\/dropinboards.com\/sl\/wp-json\/wp\/v2\/pages"}],"about":[{"href":"https:\/\/dropinboards.com\/sl\/wp-json\/wp\/v2\/types\/page"}],"author":[{"embeddable":true,"href":"https:\/\/dropinboards.com\/sl\/wp-json\/wp\/v2\/users\/1"}],"replies":[{"embeddable":true,"href":"https:\/\/dropinboards.com\/sl\/wp-json\/wp\/v2\/comments?post=6391"}],"version-history":[{"count":5,"href":"https:\/\/dropinboards.com\/sl\/wp-json\/wp\/v2\/pages\/6391\/revisions"}],"predecessor-version":[{"id":8684,"href":"https:\/\/dropinboards.com\/sl\/wp-json\/wp\/v2\/pages\/6391\/revisions\/8684"}],"wp:attachment":[{"href":"https:\/\/dropinboards.com\/sl\/wp-json\/wp\/v2\/media?parent=6391"}],"curies":[{"name":"wp","href":"https:\/\/api.w.org\/{rel}","templated":true}]}}