{"id":10584,"date":"2024-05-18T16:52:55","date_gmt":"2024-05-18T16:52:55","guid":{"rendered":"https:\/\/dropinboards.com\/?page_id=10584"},"modified":"2024-05-23T11:19:08","modified_gmt":"2024-05-23T11:19:08","slug":"about-us","status":"publish","type":"page","link":"https:\/\/dropinboards.com\/sl\/about-us\/","title":{"rendered":"O NAS"},"content":{"rendered":"<div data-elementor-type=\"wp-page\" data-elementor-id=\"10584\" class=\"elementor elementor-10584\" data-elementor-post-type=\"page\">\n\t\t\t\t\t\t<section class=\"elementor-section elementor-top-section elementor-element elementor-element-600139c elementor-section-stretched elementor-section-boxed elementor-section-height-default elementor-section-height-default\" data-id=\"600139c\" data-element_type=\"section\" data-e-type=\"section\" data-settings=\"{&quot;stretch_section&quot;:&quot;section-stretched&quot;,&quot;background_background&quot;:&quot;classic&quot;}\">\n\t\t\t\t\t\t<div class=\"elementor-container elementor-column-gap-default\">\n\t\t\t\t\t<div class=\"elementor-column elementor-col-100 elementor-top-column elementor-element elementor-element-962f316\" data-id=\"962f316\" data-element_type=\"column\" data-e-type=\"column\">\n\t\t\t<div class=\"elementor-widget-wrap elementor-element-populated\">\n\t\t\t\t\t\t<div class=\"elementor-element elementor-element-63f1b99 elementor-widget elementor-widget-text-editor\" data-id=\"63f1b99\" data-element_type=\"widget\" data-e-type=\"widget\" data-widget_type=\"text-editor.default\">\n\t\t\t\t<div class=\"elementor-widget-container\">\n\t\t\t\t\t\t\t\t\t<p><span id=\"ctl00_ctl00_cphMain_cphMainCol_CompanyDetailsData1_CompanyDetailsBranchDetailsData1_rptCD_ctl01_litContent\">Dropin boards, <br \/><\/span><span id=\"ctl00_ctl00_cphMain_cphMainCol_CompanyDetailsData1_CompanyDetailsBranchDetailsData1_rptCD_ctl01_litContent\">proizvodnja \u0161portne opreme, <br \/><\/span><span id=\"ctl00_ctl00_cphMain_cphMainCol_CompanyDetailsData1_CompanyDetailsBranchDetailsData1_rptCD_ctl01_litContent\">Uro\u0161 \u017didanek s.p.<\/span><br \/>Cesta Radomeljske \u010dete 24C<br \/>1235 Radomlje <br \/>Slovenia<br \/>Europe<\/p><p>VAT: SI43934056<\/p><p>IBAN: SI56 0230 4400 9357 855<br \/>BIC (SWIFT) : LJBASI2X<br \/><span id=\"ctl00_ctl00_cphMain_cphMainCol_CompanyDetailsData1_CompanyDetailsBranchDetailsData1_rptCD_ctl09_litContent\">Registration Nr.: 8480141000<\/span><\/p><p>Tel: 00386 41 599541<br \/>info@dropinboards.com<\/p>\t\t\t\t\t\t\t\t<\/div>\n\t\t\t\t<\/div>\n\t\t\t\t\t<\/div>\n\t\t<\/div>\n\t\t\t\t\t<\/div>\n\t\t<\/section>\n\t\t\t\t<\/div>","protected":false},"excerpt":{"rendered":"<p>Dropin boards, proizvodnja \u0161portne opreme, Uro\u0161 \u017didanek s.p.Cesta Radomeljske \u010dete 24C1235 Radomlje SloveniaEurope VAT: SI43934056 IBAN: SI56 0230 4400 9357 855BIC (SWIFT) : LJBASI2XRegistration Nr.: 8480141000 Tel: 00386 41 599541info@dropinboards.com<\/p>","protected":false},"author":3,"featured_media":0,"parent":0,"menu_order":0,"comment_status":"closed","ping_status":"closed","template":"elementor_header_footer","meta":{"footnotes":""},"class_list":["post-10584","page","type-page","status-publish","hentry"],"jetpack_sharing_enabled":true,"_links":{"self":[{"href":"https:\/\/dropinboards.com\/sl\/wp-json\/wp\/v2\/pages\/10584","targetHints":{"allow":["GET"]}}],"collection":[{"href":"https:\/\/dropinboards.com\/sl\/wp-json\/wp\/v2\/pages"}],"about":[{"href":"https:\/\/dropinboards.com\/sl\/wp-json\/wp\/v2\/types\/page"}],"author":[{"embeddable":true,"href":"https:\/\/dropinboards.com\/sl\/wp-json\/wp\/v2\/users\/3"}],"replies":[{"embeddable":true,"href":"https:\/\/dropinboards.com\/sl\/wp-json\/wp\/v2\/comments?post=10584"}],"version-history":[{"count":25,"href":"https:\/\/dropinboards.com\/sl\/wp-json\/wp\/v2\/pages\/10584\/revisions"}],"predecessor-version":[{"id":10976,"href":"https:\/\/dropinboards.com\/sl\/wp-json\/wp\/v2\/pages\/10584\/revisions\/10976"}],"wp:attachment":[{"href":"https:\/\/dropinboards.com\/sl\/wp-json\/wp\/v2\/media?parent=10584"}],"curies":[{"name":"wp","href":"https:\/\/api.w.org\/{rel}","templated":true}]}}