{"id":10101,"date":"2024-05-14T13:02:03","date_gmt":"2024-05-14T13:02:03","guid":{"rendered":"https:\/\/dropinboards.com\/?page_id=10101"},"modified":"2024-05-20T14:43:38","modified_gmt":"2024-05-20T14:43:38","slug":"accessories","status":"publish","type":"page","link":"https:\/\/dropinboards.com\/sl\/accessories\/","title":{"rendered":"Dodatki"},"content":{"rendered":"<div data-elementor-type=\"wp-page\" data-elementor-id=\"10101\" class=\"elementor elementor-10101\" data-elementor-post-type=\"page\">\n\t\t\t\t<div class=\"elementor-element elementor-element-a3a8fcf e-flex e-con-boxed e-con e-parent\" data-id=\"a3a8fcf\" data-element_type=\"container\" data-e-type=\"container\">\n\t\t\t\t\t<div class=\"e-con-inner\">\n\t\t\t\t<div class=\"elementor-element elementor-element-9fcf1c9 eael-product-grid-column-mobile-1 eael-product-grid-column-2 elementor-widget elementor-widget-eicon-woocommerce\" data-id=\"9fcf1c9\" data-element_type=\"widget\" data-e-type=\"widget\" data-settings=\"{&quot;_animation&quot;:&quot;none&quot;}\" data-widget_type=\"eicon-woocommerce.default\">\n\t\t\t\t<div class=\"elementor-widget-container\">\n\t\t\t\t\t\n        <div class=\"eael-product-grid eael-product-simple masonry\" id=\"eael-product-grid\" data-widget-id=\"9fcf1c9\" data-page-id=\"10101\" data-nonce=\"4ee4a76715\" >\n            <div class=\"woocommerce\">\n                <ul class=\"products eael-post-appender eael-post-appender-9fcf1c9\" data-ssi-desktop=\"no\" data-ssi-tablet=\"no\" data-ssi-mobile=\"no\" data-layout-mode=\"masonry\"> <li class=\"product\">\n<div class=\"eael-product-wrap\" data-src=\"\" data-src-hover=\"\">\n    <a href=\"https:\/\/dropinboards.com\/sl\/izdelek\/laces\/\" class=\"woocommerce-LoopProduct-link woocommerce-loop-product__link\"><img fetchpriority=\"high\" decoding=\"async\" width=\"600\" height=\"600\" src=\"https:\/\/dropinboards.com\/wp-content\/uploads\/2024\/05\/Laces.png\" class=\"attachment-woocommerce_thumbnail size-woocommerce_thumbnail wvs-archive-product-image\" alt=\"Laces\" loading=\"eager\" srcset=\"https:\/\/dropinboards.com\/wp-content\/uploads\/2024\/05\/Laces.png 600w, https:\/\/dropinboards.com\/wp-content\/uploads\/2024\/05\/Laces-300x300.png 300w, https:\/\/dropinboards.com\/wp-content\/uploads\/2024\/05\/Laces-100x100.png 100w, https:\/\/dropinboards.com\/wp-content\/uploads\/2024\/05\/Laces-64x64.png 64w, https:\/\/dropinboards.com\/wp-content\/uploads\/2024\/05\/Laces-150x150.png 150w, https:\/\/dropinboards.com\/wp-content\/uploads\/2024\/05\/Laces-12x12.png 12w\" sizes=\"(max-width: 600px) 100vw, 600px\" \/><\/a><div class=\"eael-product-title\">\n    <a href=\"https:\/\/dropinboards.com\/sl\/izdelek\/laces\/\" class=\"woocommerce-LoopProduct-link woocommerce-loop-product__link\"><h5 class=\"woocommerce-loop-product__title\">Laces<\/h5><\/a>\n    <\/div><div class=\"eael-product-price\"><span class=\"woocommerce-Price-amount amount\"><bdi><span class=\"woocommerce-Price-currencySymbol\">&euro;<\/span>3.70<\/bdi><\/span><\/div>    <a href=\"https:\/\/dropinboards.com\/sl\/izdelek\/laces\/\" aria-describedby=\"woocommerce_loop_add_to_cart_link_describedby_10737\" data-quantity=\"1\" class=\"button product_type_variable\" data-product_id=\"10737\" data-product_sku=\"\" aria-label=\"Izberite mo\u017enosti za \u201cLaces\u201d\" rel=\"nofollow\" data-no-translation=\"\" data-trp-gettext=\"\" data-no-translation-aria-label=\"\">Izberite mo\u017enosti<\/a>\t<span id=\"woocommerce_loop_add_to_cart_link_describedby_10737\" class=\"screen-reader-text\">\n\t\tTa izdelek ima ve\u010d razli\u010dic. Mo\u017enosti lahko izberete na strani izdelka\t<\/span>\n    \n<\/div>\n\n<\/li> <li class=\"product\">\n<div class=\"eael-product-wrap\" data-src=\"\" data-src-hover=\"\">\n    <a href=\"https:\/\/dropinboards.com\/sl\/izdelek\/shoe-goo-amazing-goop-black\/\" class=\"woocommerce-LoopProduct-link woocommerce-loop-product__link\"><img decoding=\"async\" width=\"600\" height=\"600\" src=\"https:\/\/dropinboards.com\/wp-content\/uploads\/2023\/11\/Amazing-Goop.png\" class=\"attachment-woocommerce_thumbnail size-woocommerce_thumbnail wvs-archive-product-image\" alt=\"Shoe Goo Amazing Goop - Black\" loading=\"eager\" srcset=\"https:\/\/dropinboards.com\/wp-content\/uploads\/2023\/11\/Amazing-Goop.png 600w, https:\/\/dropinboards.com\/wp-content\/uploads\/2023\/11\/Amazing-Goop-300x300.png 300w, https:\/\/dropinboards.com\/wp-content\/uploads\/2023\/11\/Amazing-Goop-100x100.png 100w, https:\/\/dropinboards.com\/wp-content\/uploads\/2023\/11\/Amazing-Goop-64x64.png 64w, https:\/\/dropinboards.com\/wp-content\/uploads\/2023\/11\/Amazing-Goop-150x150.png 150w, https:\/\/dropinboards.com\/wp-content\/uploads\/2023\/11\/Amazing-Goop-12x12.png 12w\" sizes=\"(max-width: 600px) 100vw, 600px\" \/><\/a><div class=\"eael-product-title\">\n    <a href=\"https:\/\/dropinboards.com\/sl\/izdelek\/shoe-goo-amazing-goop-black\/\" class=\"woocommerce-LoopProduct-link woocommerce-loop-product__link\"><h5 class=\"woocommerce-loop-product__title\">Shoe Goo Amazing Goop - Black<\/h5><\/a>\n    <\/div><div class=\"eael-product-price\"><span class=\"woocommerce-Price-amount amount\"><bdi><span class=\"woocommerce-Price-currencySymbol\">&euro;<\/span>16.90<\/bdi><\/span><\/div>    <a href=\"https:\/\/dropinboards.com\/sl\/izdelek\/shoe-goo-amazing-goop-black\/\" aria-describedby=\"woocommerce_loop_add_to_cart_link_describedby_8692\" data-quantity=\"1\" class=\"button product_type_variable add_to_cart_button\" data-product_id=\"8692\" data-product_sku=\"\" aria-label=\"Izberite mo\u017enosti za \u201cShoe Goo Amazing Goop - Black\u201d\" rel=\"nofollow\" data-no-translation=\"\" data-trp-gettext=\"\" data-no-translation-aria-label=\"\">Izberite mo\u017enosti<\/a>\t<span id=\"woocommerce_loop_add_to_cart_link_describedby_8692\" class=\"screen-reader-text\">\n\t\tTa izdelek ima ve\u010d razli\u010dic. Mo\u017enosti lahko izberete na strani izdelka\t<\/span>\n    \n<\/div>\n\n<\/li> <li class=\"product\">\n<div class=\"eael-product-wrap\" data-src=\"\" data-src-hover=\"\">\n    <a href=\"https:\/\/dropinboards.com\/sl\/izdelek\/shoe-goo-ii-transparant\/\" class=\"woocommerce-LoopProduct-link woocommerce-loop-product__link\"><img decoding=\"async\" width=\"600\" height=\"600\" src=\"https:\/\/dropinboards.com\/wp-content\/uploads\/2023\/11\/Shoegoo2.png\" class=\"attachment-woocommerce_thumbnail size-woocommerce_thumbnail wvs-archive-product-image\" alt=\"Shoe Goo II Transparant\" loading=\"eager\" srcset=\"https:\/\/dropinboards.com\/wp-content\/uploads\/2023\/11\/Shoegoo2.png 600w, https:\/\/dropinboards.com\/wp-content\/uploads\/2023\/11\/Shoegoo2-300x300.png 300w, https:\/\/dropinboards.com\/wp-content\/uploads\/2023\/11\/Shoegoo2-100x100.png 100w, https:\/\/dropinboards.com\/wp-content\/uploads\/2023\/11\/Shoegoo2-64x64.png 64w, https:\/\/dropinboards.com\/wp-content\/uploads\/2023\/11\/Shoegoo2-150x150.png 150w, https:\/\/dropinboards.com\/wp-content\/uploads\/2023\/11\/Shoegoo2-12x12.png 12w\" sizes=\"(max-width: 600px) 100vw, 600px\" \/><\/a><div class=\"eael-product-title\">\n    <a href=\"https:\/\/dropinboards.com\/sl\/izdelek\/shoe-goo-ii-transparant\/\" class=\"woocommerce-LoopProduct-link woocommerce-loop-product__link\"><h5 class=\"woocommerce-loop-product__title\">Shoe Goo II Transparant<\/h5><\/a>\n    <\/div><div class=\"eael-product-price\"><span class=\"woocommerce-Price-amount amount\"><bdi><span class=\"woocommerce-Price-currencySymbol\">&euro;<\/span>14.90<\/bdi><\/span><\/div>    <a href=\"https:\/\/dropinboards.com\/sl\/izdelek\/shoe-goo-ii-transparant\/\" aria-describedby=\"woocommerce_loop_add_to_cart_link_describedby_8687\" data-quantity=\"1\" class=\"button product_type_variable add_to_cart_button\" data-product_id=\"8687\" data-product_sku=\"\" aria-label=\"Izberite mo\u017enosti za \u201cShoe Goo II Transparant\u201d\" rel=\"nofollow\" data-no-translation=\"\" data-trp-gettext=\"\" data-no-translation-aria-label=\"\">Izberite mo\u017enosti<\/a>\t<span id=\"woocommerce_loop_add_to_cart_link_describedby_8687\" class=\"screen-reader-text\">\n\t\tTa izdelek ima ve\u010d razli\u010dic. Mo\u017enosti lahko izberete na strani izdelka\t<\/span>\n    \n<\/div>\n\n<\/li> <li class=\"product\">\n<div class=\"eael-product-wrap\" data-src=\"\" data-src-hover=\"\">\n    <a href=\"https:\/\/dropinboards.com\/sl\/izdelek\/shoe-goo-transparant\/\" class=\"woocommerce-LoopProduct-link woocommerce-loop-product__link\"><img decoding=\"async\" width=\"600\" height=\"600\" src=\"https:\/\/dropinboards.com\/wp-content\/uploads\/2023\/11\/Shoegoo-1.png\" class=\"attachment-woocommerce_thumbnail size-woocommerce_thumbnail wvs-archive-product-image\" alt=\"Shoe Goo Transparant\" loading=\"eager\" srcset=\"https:\/\/dropinboards.com\/wp-content\/uploads\/2023\/11\/Shoegoo-1.png 600w, https:\/\/dropinboards.com\/wp-content\/uploads\/2023\/11\/Shoegoo-1-300x300.png 300w, https:\/\/dropinboards.com\/wp-content\/uploads\/2023\/11\/Shoegoo-1-100x100.png 100w, https:\/\/dropinboards.com\/wp-content\/uploads\/2023\/11\/Shoegoo-1-64x64.png 64w, https:\/\/dropinboards.com\/wp-content\/uploads\/2023\/11\/Shoegoo-1-150x150.png 150w, https:\/\/dropinboards.com\/wp-content\/uploads\/2023\/11\/Shoegoo-1-12x12.png 12w\" sizes=\"(max-width: 600px) 100vw, 600px\" \/><\/a><div class=\"eael-product-title\">\n    <a href=\"https:\/\/dropinboards.com\/sl\/izdelek\/shoe-goo-transparant\/\" class=\"woocommerce-LoopProduct-link woocommerce-loop-product__link\"><h5 class=\"woocommerce-loop-product__title\">Shoe Goo Transparant<\/h5><\/a>\n    <\/div><div class=\"eael-product-price\"><span class=\"woocommerce-Price-amount amount\" aria-hidden=\"true\"><bdi><span class=\"woocommerce-Price-currencySymbol\">&euro;<\/span>11.90<\/bdi><\/span> <span aria-hidden=\"true\">&ndash;<\/span> <span class=\"woocommerce-Price-amount amount\" aria-hidden=\"true\"><bdi><span class=\"woocommerce-Price-currencySymbol\">&euro;<\/span>17.90<\/bdi><\/span><span class=\"screen-reader-text\" data-no-translation=\"\" data-trp-gettext=\"\">Cenovni razpon: od &euro;11.90 do &euro;17.90<\/span><\/div>    <a href=\"https:\/\/dropinboards.com\/sl\/izdelek\/shoe-goo-transparant\/\" aria-describedby=\"woocommerce_loop_add_to_cart_link_describedby_8690\" data-quantity=\"1\" class=\"button product_type_variable\" data-product_id=\"8690\" data-product_sku=\"\" aria-label=\"Izberite mo\u017enosti za \u201cShoe Goo Transparant\u201d\" rel=\"nofollow\" data-no-translation=\"\" data-trp-gettext=\"\" data-no-translation-aria-label=\"\">Izberite mo\u017enosti<\/a>\t<span id=\"woocommerce_loop_add_to_cart_link_describedby_8690\" class=\"screen-reader-text\">\n\t\tTa izdelek ima ve\u010d razli\u010dic. Mo\u017enosti lahko izberete na strani izdelka\t<\/span>\n    \n<\/div>\n\n<\/li><\/ul>            <\/div>\n        <\/div>\n\n        <script type=\"text\/javascript\">\n            jQuery(document).ready(function($) {\n                var $scope = jQuery(\".elementor-element-9fcf1c9\");\n                var $products = $('.products', $scope);\n                var $layout_mode = $products.data('layout-mode');\n                \n                if ( $layout_mode === 'masonry' ) {\n                    \/\/ init isotope\n                    var $isotope_products = $products.isotope({\n                        itemSelector: \"li.product\",\n                        layoutMode: $layout_mode,\n                        percentPosition: true\n                    });\n\n                    $isotope_products.imagesLoaded().progress( function() {\n                        $isotope_products.isotope('layout');\n                    })\n                    \n                }\n            });\n        <\/script>\n        \t\t\t\t<\/div>\n\t\t\t\t<\/div>\n\t\t\t\t\t<\/div>\n\t\t\t\t<\/div>\n\t\t\t\t<\/div>","protected":false},"excerpt":{"rendered":"<p>Shoe Goo II Transparant &euro;14.90 Select options Shoe Goo Transparant &euro;11.90 &ndash; &euro;17.90 Select options Shoe Goo Amazing Goop &#8211; Black &euro;16.90 Select options Laces &euro;3.70 Select options<\/p>","protected":false},"author":3,"featured_media":9361,"parent":0,"menu_order":0,"comment_status":"closed","ping_status":"closed","template":"","meta":{"footnotes":""},"class_list":["post-10101","page","type-page","status-publish","has-post-thumbnail","hentry"],"jetpack_sharing_enabled":true,"_links":{"self":[{"href":"https:\/\/dropinboards.com\/sl\/wp-json\/wp\/v2\/pages\/10101","targetHints":{"allow":["GET"]}}],"collection":[{"href":"https:\/\/dropinboards.com\/sl\/wp-json\/wp\/v2\/pages"}],"about":[{"href":"https:\/\/dropinboards.com\/sl\/wp-json\/wp\/v2\/types\/page"}],"author":[{"embeddable":true,"href":"https:\/\/dropinboards.com\/sl\/wp-json\/wp\/v2\/users\/3"}],"replies":[{"embeddable":true,"href":"https:\/\/dropinboards.com\/sl\/wp-json\/wp\/v2\/comments?post=10101"}],"version-history":[{"count":8,"href":"https:\/\/dropinboards.com\/sl\/wp-json\/wp\/v2\/pages\/10101\/revisions"}],"predecessor-version":[{"id":10788,"href":"https:\/\/dropinboards.com\/sl\/wp-json\/wp\/v2\/pages\/10101\/revisions\/10788"}],"wp:featuredmedia":[{"embeddable":true,"href":"https:\/\/dropinboards.com\/sl\/wp-json\/wp\/v2\/media\/9361"}],"wp:attachment":[{"href":"https:\/\/dropinboards.com\/sl\/wp-json\/wp\/v2\/media?parent=10101"}],"curies":[{"name":"wp","href":"https:\/\/api.w.org\/{rel}","templated":true}]}}