{"id":10099,"date":"2024-05-14T12:36:26","date_gmt":"2024-05-14T12:36:26","guid":{"rendered":"https:\/\/dropinboards.com\/?page_id=10099"},"modified":"2024-05-19T15:41:32","modified_gmt":"2024-05-19T15:41:32","slug":"apparel","status":"publish","type":"page","link":"https:\/\/dropinboards.com\/sl\/apparel\/","title":{"rendered":"Obla\u010dila"},"content":{"rendered":"<div data-elementor-type=\"wp-page\" data-elementor-id=\"10099\" class=\"elementor elementor-10099\" data-elementor-post-type=\"page\">\n\t\t\t\t<div class=\"elementor-element elementor-element-a3a8fcf e-flex e-con-boxed e-con e-parent\" data-id=\"a3a8fcf\" data-element_type=\"container\" data-e-type=\"container\">\n\t\t\t\t\t<div class=\"e-con-inner\">\n\t\t\t\t<div class=\"elementor-element elementor-element-9fcf1c9 eael-product-grid-column-mobile-2 eael-product-grid-column-2 elementor-hidden-mobile elementor-widget elementor-widget-eicon-woocommerce\" data-id=\"9fcf1c9\" data-element_type=\"widget\" data-e-type=\"widget\" data-settings=\"{&quot;_animation&quot;:&quot;none&quot;}\" data-widget_type=\"eicon-woocommerce.default\">\n\t\t\t\t<div class=\"elementor-widget-container\">\n\t\t\t\t\t\n        <div class=\"eael-product-grid eael-product-simple masonry\" id=\"eael-product-grid\" data-widget-id=\"9fcf1c9\" data-page-id=\"10099\" data-nonce=\"4ee4a76715\" >\n            <div class=\"woocommerce\">\n                <ul class=\"products eael-post-appender eael-post-appender-9fcf1c9\" data-ssi-desktop=\"no\" data-ssi-tablet=\"no\" data-ssi-mobile=\"no\" data-layout-mode=\"masonry\"> <li class=\"product\">\n<div class=\"eael-product-wrap\" data-src=\"\" data-src-hover=\"\">\n    <a href=\"https:\/\/dropinboards.com\/sl\/izdelek\/where-si-bine\/\" class=\"woocommerce-LoopProduct-link woocommerce-loop-product__link\"><img fetchpriority=\"high\" decoding=\"async\" width=\"600\" height=\"600\" src=\"https:\/\/dropinboards.com\/wp-content\/uploads\/2025\/10\/Hoodie-AWJH001-Bine-600x600.png\" class=\"attachment-woocommerce_thumbnail size-woocommerce_thumbnail wvs-archive-product-image\" alt=\"Where is Bine?\" loading=\"eager\" srcset=\"https:\/\/dropinboards.com\/wp-content\/uploads\/2025\/10\/Hoodie-AWJH001-Bine-600x600.png 600w, https:\/\/dropinboards.com\/wp-content\/uploads\/2025\/10\/Hoodie-AWJH001-Bine-300x300.png 300w, https:\/\/dropinboards.com\/wp-content\/uploads\/2025\/10\/Hoodie-AWJH001-Bine-1024x1024.png 1024w, https:\/\/dropinboards.com\/wp-content\/uploads\/2025\/10\/Hoodie-AWJH001-Bine-150x150.png 150w, https:\/\/dropinboards.com\/wp-content\/uploads\/2025\/10\/Hoodie-AWJH001-Bine-768x768.png 768w, https:\/\/dropinboards.com\/wp-content\/uploads\/2025\/10\/Hoodie-AWJH001-Bine-1536x1536.png 1536w, https:\/\/dropinboards.com\/wp-content\/uploads\/2025\/10\/Hoodie-AWJH001-Bine-2048x2048.png 2048w, https:\/\/dropinboards.com\/wp-content\/uploads\/2025\/10\/Hoodie-AWJH001-Bine-12x12.png 12w, https:\/\/dropinboards.com\/wp-content\/uploads\/2025\/10\/Hoodie-AWJH001-Bine-100x100.png 100w, https:\/\/dropinboards.com\/wp-content\/uploads\/2025\/10\/Hoodie-AWJH001-Bine-64x64.png 64w\" sizes=\"(max-width: 600px) 100vw, 600px\" \/><\/a><div class=\"eael-product-title\">\n    <a href=\"https:\/\/dropinboards.com\/sl\/izdelek\/where-si-bine\/\" class=\"woocommerce-LoopProduct-link woocommerce-loop-product__link\"><h5 class=\"woocommerce-loop-product__title\">Where is Bine?<\/h5><\/a>\n    <\/div><div class=\"eael-product-price\"><span class=\"woocommerce-Price-amount amount\"><bdi><span class=\"woocommerce-Price-currencySymbol\">&euro;<\/span>39.90<\/bdi><\/span><\/div>    <a href=\"https:\/\/dropinboards.com\/sl\/izdelek\/where-si-bine\/\" aria-describedby=\"woocommerce_loop_add_to_cart_link_describedby_11300\" data-quantity=\"1\" class=\"button product_type_variable add_to_cart_button\" data-product_id=\"11300\" data-product_sku=\"\" aria-label=\"Izberite mo\u017enosti za \u201cWhere is Bine?\u201d\" rel=\"nofollow\" data-no-translation=\"\" data-trp-gettext=\"\" data-no-translation-aria-label=\"\">Izberite mo\u017enosti<\/a>\t<span id=\"woocommerce_loop_add_to_cart_link_describedby_11300\" class=\"screen-reader-text\">\n\t\tTa izdelek ima ve\u010d razli\u010dic. Mo\u017enosti lahko izberete na strani izdelka\t<\/span>\n    \n<\/div>\n\n<\/li> <li class=\"product\">\n<div class=\"eael-product-wrap\" data-src=\"\" data-src-hover=\"\">\n    <a href=\"https:\/\/dropinboards.com\/sl\/izdelek\/hand-crafted-copy\/\" class=\"woocommerce-LoopProduct-link woocommerce-loop-product__link\"><img decoding=\"async\" width=\"600\" height=\"600\" src=\"https:\/\/dropinboards.com\/wp-content\/uploads\/2020\/07\/Tee-Dropin-Fiend-Front2-Black-4.png\" class=\"attachment-woocommerce_thumbnail size-woocommerce_thumbnail wvs-archive-product-image\" alt=\"Fiend\" loading=\"eager\" srcset=\"https:\/\/dropinboards.com\/wp-content\/uploads\/2020\/07\/Tee-Dropin-Fiend-Front2-Black-4.png 600w, https:\/\/dropinboards.com\/wp-content\/uploads\/2020\/07\/Tee-Dropin-Fiend-Front2-Black-4-300x300.png 300w, https:\/\/dropinboards.com\/wp-content\/uploads\/2020\/07\/Tee-Dropin-Fiend-Front2-Black-4-100x100.png 100w, https:\/\/dropinboards.com\/wp-content\/uploads\/2020\/07\/Tee-Dropin-Fiend-Front2-Black-4-64x64.png 64w, https:\/\/dropinboards.com\/wp-content\/uploads\/2020\/07\/Tee-Dropin-Fiend-Front2-Black-4-150x150.png 150w, https:\/\/dropinboards.com\/wp-content\/uploads\/2020\/07\/Tee-Dropin-Fiend-Front2-Black-4-12x12.png 12w\" sizes=\"(max-width: 600px) 100vw, 600px\" \/><\/a><div class=\"eael-product-title\">\n    <a href=\"https:\/\/dropinboards.com\/sl\/izdelek\/hand-crafted-copy\/\" class=\"woocommerce-LoopProduct-link woocommerce-loop-product__link\"><h5 class=\"woocommerce-loop-product__title\">Fiend<\/h5><\/a>\n    <\/div><div class=\"eael-product-price\"><span class=\"woocommerce-Price-amount amount\"><bdi><span class=\"woocommerce-Price-currencySymbol\">&euro;<\/span>19.80<\/bdi><\/span><\/div>    <a href=\"https:\/\/dropinboards.com\/sl\/izdelek\/hand-crafted-copy\/\" aria-describedby=\"woocommerce_loop_add_to_cart_link_describedby_10627\" data-quantity=\"1\" class=\"button product_type_variable\" data-product_id=\"10627\" data-product_sku=\"\" aria-label=\"Izberite mo\u017enosti za \u201cFiend\u201d\" rel=\"nofollow\" data-no-translation=\"\" data-trp-gettext=\"\" data-no-translation-aria-label=\"\">Izberite mo\u017enosti<\/a>\t<span id=\"woocommerce_loop_add_to_cart_link_describedby_10627\" class=\"screen-reader-text\">\n\t\tTa izdelek ima ve\u010d razli\u010dic. Mo\u017enosti lahko izberete na strani izdelka\t<\/span>\n    \n<\/div>\n\n<\/li> <li class=\"product\">\n<div class=\"eael-product-wrap\" data-src=\"\" data-src-hover=\"\">\n    <a href=\"https:\/\/dropinboards.com\/sl\/izdelek\/attack-cruiser-trucks\/\" class=\"woocommerce-LoopProduct-link woocommerce-loop-product__link\"><img decoding=\"async\" width=\"600\" height=\"600\" src=\"https:\/\/dropinboards.com\/wp-content\/uploads\/2020\/04\/Tee-Dropin-Hand-Craft-Front-Black-1.png\" class=\"attachment-woocommerce_thumbnail size-woocommerce_thumbnail wvs-archive-product-image\" alt=\"Hand Crafted\" loading=\"eager\" srcset=\"https:\/\/dropinboards.com\/wp-content\/uploads\/2020\/04\/Tee-Dropin-Hand-Craft-Front-Black-1.png 600w, https:\/\/dropinboards.com\/wp-content\/uploads\/2020\/04\/Tee-Dropin-Hand-Craft-Front-Black-1-300x300.png 300w, https:\/\/dropinboards.com\/wp-content\/uploads\/2020\/04\/Tee-Dropin-Hand-Craft-Front-Black-1-100x100.png 100w, https:\/\/dropinboards.com\/wp-content\/uploads\/2020\/04\/Tee-Dropin-Hand-Craft-Front-Black-1-64x64.png 64w, https:\/\/dropinboards.com\/wp-content\/uploads\/2020\/04\/Tee-Dropin-Hand-Craft-Front-Black-1-150x150.png 150w, https:\/\/dropinboards.com\/wp-content\/uploads\/2020\/04\/Tee-Dropin-Hand-Craft-Front-Black-1-12x12.png 12w\" sizes=\"(max-width: 600px) 100vw, 600px\" \/><\/a><div class=\"eael-product-title\">\n    <a href=\"https:\/\/dropinboards.com\/sl\/izdelek\/attack-cruiser-trucks\/\" class=\"woocommerce-LoopProduct-link woocommerce-loop-product__link\"><h5 class=\"woocommerce-loop-product__title\">Hand Crafted<\/h5><\/a>\n    <\/div><div class=\"eael-product-price\"><span class=\"woocommerce-Price-amount amount\"><bdi><span class=\"woocommerce-Price-currencySymbol\">&euro;<\/span>19.80<\/bdi><\/span><\/div>    <a href=\"https:\/\/dropinboards.com\/sl\/izdelek\/attack-cruiser-trucks\/\" aria-describedby=\"woocommerce_loop_add_to_cart_link_describedby_5611\" data-quantity=\"1\" class=\"button product_type_variable add_to_cart_button\" data-product_id=\"5611\" data-product_sku=\"\" aria-label=\"Izberite mo\u017enosti za \u201cHand Crafted\u201d\" rel=\"nofollow\" data-no-translation=\"\" data-trp-gettext=\"\" data-no-translation-aria-label=\"\">Izberite mo\u017enosti<\/a>\t<span id=\"woocommerce_loop_add_to_cart_link_describedby_5611\" class=\"screen-reader-text\">\n\t\tTa izdelek ima ve\u010d razli\u010dic. Mo\u017enosti lahko izberete na strani izdelka\t<\/span>\n    \n<\/div>\n\n<\/li><\/ul>            <\/div>\n        <\/div>\n\n        <script type=\"text\/javascript\">\n            jQuery(document).ready(function($) {\n                var $scope = jQuery(\".elementor-element-9fcf1c9\");\n                var $products = $('.products', $scope);\n                var $layout_mode = $products.data('layout-mode');\n                \n                if ( $layout_mode === 'masonry' ) {\n                    \/\/ init isotope\n                    var $isotope_products = $products.isotope({\n                        itemSelector: \"li.product\",\n                        layoutMode: $layout_mode,\n                        percentPosition: true\n                    });\n\n                    $isotope_products.imagesLoaded().progress( function() {\n                        $isotope_products.isotope('layout');\n                    })\n                    \n                }\n            });\n        <\/script>\n        \t\t\t\t<\/div>\n\t\t\t\t<\/div>\n\t\t\t\t\t<\/div>\n\t\t\t\t<\/div>\n\t\t<div class=\"elementor-element elementor-element-2d48e20 elementor-hidden-desktop elementor-hidden-tablet e-flex e-con-boxed e-con e-parent\" data-id=\"2d48e20\" data-element_type=\"container\" data-e-type=\"container\">\n\t\t\t\t\t<div class=\"e-con-inner\">\n\t\t\t\t<div class=\"elementor-element elementor-element-af0b505 eael-product-grid-column-mobile-1 eael-product-grid-column-2 elementor-widget elementor-widget-eicon-woocommerce\" data-id=\"af0b505\" data-element_type=\"widget\" data-e-type=\"widget\" data-settings=\"{&quot;_animation&quot;:&quot;none&quot;}\" data-widget_type=\"eicon-woocommerce.default\">\n\t\t\t\t<div class=\"elementor-widget-container\">\n\t\t\t\t\t\n        <div class=\"eael-product-grid eael-product-simple masonry\" id=\"eael-product-grid\" data-widget-id=\"af0b505\" data-page-id=\"10099\" data-nonce=\"4ee4a76715\" >\n            <div class=\"woocommerce\">\n                <ul class=\"products eael-post-appender eael-post-appender-af0b505\" data-ssi-desktop=\"no\" data-ssi-tablet=\"no\" data-ssi-mobile=\"no\" data-layout-mode=\"masonry\"> <li class=\"product\">\n<div class=\"eael-product-wrap\" data-src=\"\" data-src-hover=\"\">\n    <a href=\"https:\/\/dropinboards.com\/sl\/izdelek\/where-si-bine\/\" class=\"woocommerce-LoopProduct-link woocommerce-loop-product__link\"><img fetchpriority=\"high\" decoding=\"async\" width=\"600\" height=\"600\" src=\"https:\/\/dropinboards.com\/wp-content\/uploads\/2025\/10\/Hoodie-AWJH001-Bine-600x600.png\" class=\"attachment-woocommerce_thumbnail size-woocommerce_thumbnail wvs-archive-product-image\" alt=\"Where is Bine?\" loading=\"eager\" srcset=\"https:\/\/dropinboards.com\/wp-content\/uploads\/2025\/10\/Hoodie-AWJH001-Bine-600x600.png 600w, https:\/\/dropinboards.com\/wp-content\/uploads\/2025\/10\/Hoodie-AWJH001-Bine-300x300.png 300w, https:\/\/dropinboards.com\/wp-content\/uploads\/2025\/10\/Hoodie-AWJH001-Bine-1024x1024.png 1024w, https:\/\/dropinboards.com\/wp-content\/uploads\/2025\/10\/Hoodie-AWJH001-Bine-150x150.png 150w, https:\/\/dropinboards.com\/wp-content\/uploads\/2025\/10\/Hoodie-AWJH001-Bine-768x768.png 768w, https:\/\/dropinboards.com\/wp-content\/uploads\/2025\/10\/Hoodie-AWJH001-Bine-1536x1536.png 1536w, https:\/\/dropinboards.com\/wp-content\/uploads\/2025\/10\/Hoodie-AWJH001-Bine-2048x2048.png 2048w, https:\/\/dropinboards.com\/wp-content\/uploads\/2025\/10\/Hoodie-AWJH001-Bine-12x12.png 12w, https:\/\/dropinboards.com\/wp-content\/uploads\/2025\/10\/Hoodie-AWJH001-Bine-100x100.png 100w, https:\/\/dropinboards.com\/wp-content\/uploads\/2025\/10\/Hoodie-AWJH001-Bine-64x64.png 64w\" sizes=\"(max-width: 600px) 100vw, 600px\" \/><\/a><div class=\"eael-product-title\">\n    <a href=\"https:\/\/dropinboards.com\/sl\/izdelek\/where-si-bine\/\" class=\"woocommerce-LoopProduct-link woocommerce-loop-product__link\"><h5 class=\"woocommerce-loop-product__title\">Where is Bine?<\/h5><\/a>\n    <\/div><div class=\"eael-product-price\"><span class=\"woocommerce-Price-amount amount\"><bdi><span class=\"woocommerce-Price-currencySymbol\">&euro;<\/span>39.90<\/bdi><\/span><\/div>    <a href=\"https:\/\/dropinboards.com\/sl\/izdelek\/where-si-bine\/\" aria-describedby=\"woocommerce_loop_add_to_cart_link_describedby_11300\" data-quantity=\"1\" class=\"button product_type_variable add_to_cart_button\" data-product_id=\"11300\" data-product_sku=\"\" aria-label=\"Izberite mo\u017enosti za \u201cWhere is Bine?\u201d\" rel=\"nofollow\" data-no-translation=\"\" data-trp-gettext=\"\" data-no-translation-aria-label=\"\">Izberite mo\u017enosti<\/a>\t<span id=\"woocommerce_loop_add_to_cart_link_describedby_11300\" class=\"screen-reader-text\">\n\t\tTa izdelek ima ve\u010d razli\u010dic. Mo\u017enosti lahko izberete na strani izdelka\t<\/span>\n    \n<\/div>\n\n<\/li> <li class=\"product\">\n<div class=\"eael-product-wrap\" data-src=\"\" data-src-hover=\"\">\n    <a href=\"https:\/\/dropinboards.com\/sl\/izdelek\/hand-crafted-copy\/\" class=\"woocommerce-LoopProduct-link woocommerce-loop-product__link\"><img decoding=\"async\" width=\"600\" height=\"600\" src=\"https:\/\/dropinboards.com\/wp-content\/uploads\/2020\/07\/Tee-Dropin-Fiend-Front2-Black-4.png\" class=\"attachment-woocommerce_thumbnail size-woocommerce_thumbnail wvs-archive-product-image\" alt=\"Fiend\" loading=\"eager\" srcset=\"https:\/\/dropinboards.com\/wp-content\/uploads\/2020\/07\/Tee-Dropin-Fiend-Front2-Black-4.png 600w, https:\/\/dropinboards.com\/wp-content\/uploads\/2020\/07\/Tee-Dropin-Fiend-Front2-Black-4-300x300.png 300w, https:\/\/dropinboards.com\/wp-content\/uploads\/2020\/07\/Tee-Dropin-Fiend-Front2-Black-4-100x100.png 100w, https:\/\/dropinboards.com\/wp-content\/uploads\/2020\/07\/Tee-Dropin-Fiend-Front2-Black-4-64x64.png 64w, https:\/\/dropinboards.com\/wp-content\/uploads\/2020\/07\/Tee-Dropin-Fiend-Front2-Black-4-150x150.png 150w, https:\/\/dropinboards.com\/wp-content\/uploads\/2020\/07\/Tee-Dropin-Fiend-Front2-Black-4-12x12.png 12w\" sizes=\"(max-width: 600px) 100vw, 600px\" \/><\/a><div class=\"eael-product-title\">\n    <a href=\"https:\/\/dropinboards.com\/sl\/izdelek\/hand-crafted-copy\/\" class=\"woocommerce-LoopProduct-link woocommerce-loop-product__link\"><h5 class=\"woocommerce-loop-product__title\">Fiend<\/h5><\/a>\n    <\/div><div class=\"eael-product-price\"><span class=\"woocommerce-Price-amount amount\"><bdi><span class=\"woocommerce-Price-currencySymbol\">&euro;<\/span>19.80<\/bdi><\/span><\/div>    <a href=\"https:\/\/dropinboards.com\/sl\/izdelek\/hand-crafted-copy\/\" aria-describedby=\"woocommerce_loop_add_to_cart_link_describedby_10627\" data-quantity=\"1\" class=\"button product_type_variable\" data-product_id=\"10627\" data-product_sku=\"\" aria-label=\"Izberite mo\u017enosti za \u201cFiend\u201d\" rel=\"nofollow\" data-no-translation=\"\" data-trp-gettext=\"\" data-no-translation-aria-label=\"\">Izberite mo\u017enosti<\/a>\t<span id=\"woocommerce_loop_add_to_cart_link_describedby_10627\" class=\"screen-reader-text\">\n\t\tTa izdelek ima ve\u010d razli\u010dic. Mo\u017enosti lahko izberete na strani izdelka\t<\/span>\n    \n<\/div>\n\n<\/li> <li class=\"product\">\n<div class=\"eael-product-wrap\" data-src=\"\" data-src-hover=\"\">\n    <a href=\"https:\/\/dropinboards.com\/sl\/izdelek\/attack-cruiser-trucks\/\" class=\"woocommerce-LoopProduct-link woocommerce-loop-product__link\"><img decoding=\"async\" width=\"600\" height=\"600\" src=\"https:\/\/dropinboards.com\/wp-content\/uploads\/2020\/04\/Tee-Dropin-Hand-Craft-Front-Black-1.png\" class=\"attachment-woocommerce_thumbnail size-woocommerce_thumbnail wvs-archive-product-image\" alt=\"Hand Crafted\" loading=\"eager\" srcset=\"https:\/\/dropinboards.com\/wp-content\/uploads\/2020\/04\/Tee-Dropin-Hand-Craft-Front-Black-1.png 600w, https:\/\/dropinboards.com\/wp-content\/uploads\/2020\/04\/Tee-Dropin-Hand-Craft-Front-Black-1-300x300.png 300w, https:\/\/dropinboards.com\/wp-content\/uploads\/2020\/04\/Tee-Dropin-Hand-Craft-Front-Black-1-100x100.png 100w, https:\/\/dropinboards.com\/wp-content\/uploads\/2020\/04\/Tee-Dropin-Hand-Craft-Front-Black-1-64x64.png 64w, https:\/\/dropinboards.com\/wp-content\/uploads\/2020\/04\/Tee-Dropin-Hand-Craft-Front-Black-1-150x150.png 150w, https:\/\/dropinboards.com\/wp-content\/uploads\/2020\/04\/Tee-Dropin-Hand-Craft-Front-Black-1-12x12.png 12w\" sizes=\"(max-width: 600px) 100vw, 600px\" \/><\/a><div class=\"eael-product-title\">\n    <a href=\"https:\/\/dropinboards.com\/sl\/izdelek\/attack-cruiser-trucks\/\" class=\"woocommerce-LoopProduct-link woocommerce-loop-product__link\"><h5 class=\"woocommerce-loop-product__title\">Hand Crafted<\/h5><\/a>\n    <\/div><div class=\"eael-product-price\"><span class=\"woocommerce-Price-amount amount\"><bdi><span class=\"woocommerce-Price-currencySymbol\">&euro;<\/span>19.80<\/bdi><\/span><\/div>    <a href=\"https:\/\/dropinboards.com\/sl\/izdelek\/attack-cruiser-trucks\/\" aria-describedby=\"woocommerce_loop_add_to_cart_link_describedby_5611\" data-quantity=\"1\" class=\"button product_type_variable add_to_cart_button\" data-product_id=\"5611\" data-product_sku=\"\" aria-label=\"Izberite mo\u017enosti za \u201cHand Crafted\u201d\" rel=\"nofollow\" data-no-translation=\"\" data-trp-gettext=\"\" data-no-translation-aria-label=\"\">Izberite mo\u017enosti<\/a>\t<span id=\"woocommerce_loop_add_to_cart_link_describedby_5611\" class=\"screen-reader-text\">\n\t\tTa izdelek ima ve\u010d razli\u010dic. Mo\u017enosti lahko izberete na strani izdelka\t<\/span>\n    \n<\/div>\n\n<\/li><\/ul>            <\/div>\n        <\/div>\n\n        <script type=\"text\/javascript\">\n            jQuery(document).ready(function($) {\n                var $scope = jQuery(\".elementor-element-af0b505\");\n                var $products = $('.products', $scope);\n                var $layout_mode = $products.data('layout-mode');\n                \n                if ( $layout_mode === 'masonry' ) {\n                    \/\/ init isotope\n                    var $isotope_products = $products.isotope({\n                        itemSelector: \"li.product\",\n                        layoutMode: $layout_mode,\n                        percentPosition: true\n                    });\n\n                    $isotope_products.imagesLoaded().progress( function() {\n                        $isotope_products.isotope('layout');\n                    })\n                    \n                }\n            });\n        <\/script>\n        \t\t\t\t<\/div>\n\t\t\t\t<\/div>\n\t\t\t\t\t<\/div>\n\t\t\t\t<\/div>\n\t\t\t\t<\/div>","protected":false},"excerpt":{"rendered":"<p>Hand Crafted Black &euro;18.00 Add to cart Bloom in Red &euro;64.99 Add to cart Fiend Black &euro;85.00 Select options Hand Crafted Black &euro;18.00 Add to cart Bloom in Red &euro;64.99 &#8230;<\/p>","protected":false},"author":3,"featured_media":9361,"parent":0,"menu_order":0,"comment_status":"closed","ping_status":"closed","template":"","meta":{"footnotes":""},"class_list":["post-10099","page","type-page","status-publish","has-post-thumbnail","hentry"],"jetpack_sharing_enabled":true,"_links":{"self":[{"href":"https:\/\/dropinboards.com\/sl\/wp-json\/wp\/v2\/pages\/10099","targetHints":{"allow":["GET"]}}],"collection":[{"href":"https:\/\/dropinboards.com\/sl\/wp-json\/wp\/v2\/pages"}],"about":[{"href":"https:\/\/dropinboards.com\/sl\/wp-json\/wp\/v2\/types\/page"}],"author":[{"embeddable":true,"href":"https:\/\/dropinboards.com\/sl\/wp-json\/wp\/v2\/users\/3"}],"replies":[{"embeddable":true,"href":"https:\/\/dropinboards.com\/sl\/wp-json\/wp\/v2\/comments?post=10099"}],"version-history":[{"count":7,"href":"https:\/\/dropinboards.com\/sl\/wp-json\/wp\/v2\/pages\/10099\/revisions"}],"predecessor-version":[{"id":10609,"href":"https:\/\/dropinboards.com\/sl\/wp-json\/wp\/v2\/pages\/10099\/revisions\/10609"}],"wp:featuredmedia":[{"embeddable":true,"href":"https:\/\/dropinboards.com\/sl\/wp-json\/wp\/v2\/media\/9361"}],"wp:attachment":[{"href":"https:\/\/dropinboards.com\/sl\/wp-json\/wp\/v2\/media?parent=10099"}],"curies":[{"name":"wp","href":"https:\/\/api.w.org\/{rel}","templated":true}]}}