{"id":10098,"date":"2024-05-14T12:32:13","date_gmt":"2024-05-14T12:32:13","guid":{"rendered":"https:\/\/dropinboards.com\/?page_id=10098"},"modified":"2024-05-14T12:32:44","modified_gmt":"2024-05-14T12:32:44","slug":"completes","status":"publish","type":"page","link":"https:\/\/dropinboards.com\/sl\/completes\/","title":{"rendered":"Kompleti"},"content":{"rendered":"<div data-elementor-type=\"wp-page\" data-elementor-id=\"10098\" class=\"elementor elementor-10098\" data-elementor-post-type=\"page\">\n\t\t\t\t<div class=\"elementor-element elementor-element-a3a8fcf e-flex e-con-boxed e-con e-parent\" data-id=\"a3a8fcf\" data-element_type=\"container\" data-e-type=\"container\">\n\t\t\t\t\t<div class=\"e-con-inner\">\n\t\t\t\t<div class=\"elementor-element elementor-element-9fcf1c9 eael-product-grid-column-mobile-2 eael-product-grid-column-4 elementor-widget elementor-widget-eicon-woocommerce\" data-id=\"9fcf1c9\" data-element_type=\"widget\" data-e-type=\"widget\" data-settings=\"{&quot;_animation&quot;:&quot;none&quot;}\" data-widget_type=\"eicon-woocommerce.default\">\n\t\t\t\t<div class=\"elementor-widget-container\">\n\t\t\t\t\t\n        <div class=\"eael-product-grid eael-product-simple masonry\" id=\"eael-product-grid\" data-widget-id=\"9fcf1c9\" data-page-id=\"10098\" data-nonce=\"4ee4a76715\" >\n            <div class=\"woocommerce\">\n                <ul class=\"products eael-post-appender eael-post-appender-9fcf1c9\" data-ssi-desktop=\"no\" data-ssi-tablet=\"no\" data-ssi-mobile=\"no\" data-layout-mode=\"masonry\"> <li class=\"product\">\n<div class=\"eael-product-wrap\" data-src=\"\" data-src-hover=\"\">\n    <a href=\"https:\/\/dropinboards.com\/sl\/izdelek\/zvitorepec-junior\/\" class=\"woocommerce-LoopProduct-link woocommerce-loop-product__link\"><img fetchpriority=\"high\" decoding=\"async\" width=\"314\" height=\"973\" src=\"https:\/\/dropinboards.com\/wp-content\/uploads\/2024\/05\/Dropin-skateboard-Zvitorepec-Komplet-1.png\" class=\"attachment-woocommerce_thumbnail size-woocommerce_thumbnail wvs-archive-product-image\" alt=\"ZVITOREPEC &lt;BR&gt; JUNIOR 4-10\" loading=\"eager\" srcset=\"https:\/\/dropinboards.com\/wp-content\/uploads\/2024\/05\/Dropin-skateboard-Zvitorepec-Komplet-1.png 314w, https:\/\/dropinboards.com\/wp-content\/uploads\/2024\/05\/Dropin-skateboard-Zvitorepec-Komplet-1-300x930.png 300w, https:\/\/dropinboards.com\/wp-content\/uploads\/2024\/05\/Dropin-skateboard-Zvitorepec-Komplet-1-64x198.png 64w, https:\/\/dropinboards.com\/wp-content\/uploads\/2024\/05\/Dropin-skateboard-Zvitorepec-Komplet-1-97x300.png 97w, https:\/\/dropinboards.com\/wp-content\/uploads\/2024\/05\/Dropin-skateboard-Zvitorepec-Komplet-1-4x12.png 4w\" sizes=\"(max-width: 314px) 100vw, 314px\" \/><\/a><div class=\"eael-product-title\">\n    <a href=\"https:\/\/dropinboards.com\/sl\/izdelek\/zvitorepec-junior\/\" class=\"woocommerce-LoopProduct-link woocommerce-loop-product__link\"><h5 class=\"woocommerce-loop-product__title\">ZVITOREPEC <br> JUNIOR 4-10<\/h5><\/a>\n    <\/div><div class=\"eael-product-price\"><span class=\"woocommerce-Price-amount amount\"><bdi><span class=\"woocommerce-Price-currencySymbol\">&euro;<\/span>99.98<\/bdi><\/span><\/div>    <a href=\"https:\/\/dropinboards.com\/sl\/izdelek\/zvitorepec-junior\/\" aria-describedby=\"woocommerce_loop_add_to_cart_link_describedby_10065\" data-quantity=\"1\" class=\"button product_type_variable add_to_cart_button\" data-product_id=\"10065\" data-product_sku=\"\" aria-label=\"Izberite mo\u017enosti za \u201cZVITOREPEC  JUNIOR 4-10\u201d\" rel=\"nofollow\" data-no-translation=\"\" data-trp-gettext=\"\" data-no-translation-aria-label=\"\">Izberite mo\u017enosti<\/a>\t<span id=\"woocommerce_loop_add_to_cart_link_describedby_10065\" class=\"screen-reader-text\">\n\t\tTa izdelek ima ve\u010d razli\u010dic. Mo\u017enosti lahko izberete na strani izdelka\t<\/span>\n    \n<\/div>\n\n<\/li><\/ul>            <\/div>\n        <\/div>\n\n        <script type=\"text\/javascript\">\n            jQuery(document).ready(function($) {\n                var $scope = jQuery(\".elementor-element-9fcf1c9\");\n                var $products = $('.products', $scope);\n                var $layout_mode = $products.data('layout-mode');\n                \n                if ( $layout_mode === 'masonry' ) {\n                    \/\/ init isotope\n                    var $isotope_products = $products.isotope({\n                        itemSelector: \"li.product\",\n                        layoutMode: $layout_mode,\n                        percentPosition: true\n                    });\n\n                    $isotope_products.imagesLoaded().progress( function() {\n                        $isotope_products.isotope('layout');\n                    })\n                    \n                }\n            });\n        <\/script>\n        \t\t\t\t<\/div>\n\t\t\t\t<\/div>\n\t\t\t\t\t<\/div>\n\t\t\t\t<\/div>\n\t\t\t\t<\/div>","protected":false},"excerpt":{"rendered":"<p>Shoe Goo Transparant (29 ml) &euro;9.00 Add to cart ZVITOREPEC JUNIOR 4-10 &euro;119.90 Select options<\/p>","protected":false},"author":3,"featured_media":9361,"parent":0,"menu_order":0,"comment_status":"closed","ping_status":"closed","template":"","meta":{"footnotes":""},"class_list":["post-10098","page","type-page","status-publish","has-post-thumbnail","hentry"],"jetpack_sharing_enabled":true,"_links":{"self":[{"href":"https:\/\/dropinboards.com\/sl\/wp-json\/wp\/v2\/pages\/10098","targetHints":{"allow":["GET"]}}],"collection":[{"href":"https:\/\/dropinboards.com\/sl\/wp-json\/wp\/v2\/pages"}],"about":[{"href":"https:\/\/dropinboards.com\/sl\/wp-json\/wp\/v2\/types\/page"}],"author":[{"embeddable":true,"href":"https:\/\/dropinboards.com\/sl\/wp-json\/wp\/v2\/users\/3"}],"replies":[{"embeddable":true,"href":"https:\/\/dropinboards.com\/sl\/wp-json\/wp\/v2\/comments?post=10098"}],"version-history":[{"count":4,"href":"https:\/\/dropinboards.com\/sl\/wp-json\/wp\/v2\/pages\/10098\/revisions"}],"predecessor-version":[{"id":10107,"href":"https:\/\/dropinboards.com\/sl\/wp-json\/wp\/v2\/pages\/10098\/revisions\/10107"}],"wp:featuredmedia":[{"embeddable":true,"href":"https:\/\/dropinboards.com\/sl\/wp-json\/wp\/v2\/media\/9361"}],"wp:attachment":[{"href":"https:\/\/dropinboards.com\/sl\/wp-json\/wp\/v2\/media?parent=10098"}],"curies":[{"name":"wp","href":"https:\/\/api.w.org\/{rel}","templated":true}]}}