{"id":10084,"date":"2024-05-14T12:27:27","date_gmt":"2024-05-14T12:27:27","guid":{"rendered":"https:\/\/dropinboards.com\/?page_id=10084"},"modified":"2025-10-27T13:10:57","modified_gmt":"2025-10-27T13:10:57","slug":"decks","status":"publish","type":"page","link":"https:\/\/dropinboards.com\/sl\/decks\/","title":{"rendered":"Deske"},"content":{"rendered":"<div data-elementor-type=\"wp-page\" data-elementor-id=\"10084\" class=\"elementor elementor-10084\" data-elementor-post-type=\"page\">\n\t\t\t\t<div class=\"elementor-element elementor-element-a3a8fcf e-flex e-con-boxed e-con e-parent\" data-id=\"a3a8fcf\" data-element_type=\"container\" data-e-type=\"container\">\n\t\t\t\t\t<div class=\"e-con-inner\">\n\t\t\t\t<div class=\"elementor-element elementor-element-9fcf1c9 eael-product-grid-column-mobile-2 eael-product-grid-column-4 elementor-widget elementor-widget-eicon-woocommerce\" data-id=\"9fcf1c9\" data-element_type=\"widget\" data-e-type=\"widget\" data-settings=\"{&quot;_animation&quot;:&quot;none&quot;}\" data-widget_type=\"eicon-woocommerce.default\">\n\t\t\t\t<div class=\"elementor-widget-container\">\n\t\t\t\t\t\n        <div class=\"eael-product-grid eael-product-simple masonry\" id=\"eael-product-grid\" data-widget-id=\"9fcf1c9\" data-page-id=\"10084\" data-nonce=\"4ee4a76715\" >\n            <div class=\"woocommerce\">\n                <ul class=\"products eael-post-appender eael-post-appender-9fcf1c9\" data-ssi-desktop=\"no\" data-ssi-tablet=\"no\" data-ssi-mobile=\"no\" data-layout-mode=\"masonry\"> <li class=\"product\">\n<div class=\"eael-product-wrap\" data-src=\"\" data-src-hover=\"\">\n    <a href=\"https:\/\/dropinboards.com\/sl\/izdelek\/where-is-bine-combo\/\" class=\"woocommerce-LoopProduct-link woocommerce-loop-product__link\"><img fetchpriority=\"high\" decoding=\"async\" width=\"600\" height=\"1859\" src=\"https:\/\/dropinboards.com\/wp-content\/uploads\/2025\/10\/Hoodie-AWJH001-kombo2-600x1859.png\" class=\"attachment-woocommerce_thumbnail size-woocommerce_thumbnail wvs-archive-product-image\" alt=\"Where is Bine? Combo\" loading=\"eager\" srcset=\"https:\/\/dropinboards.com\/wp-content\/uploads\/2025\/10\/Hoodie-AWJH001-kombo2-600x1859.png 600w, https:\/\/dropinboards.com\/wp-content\/uploads\/2025\/10\/Hoodie-AWJH001-kombo2-97x300.png 97w, https:\/\/dropinboards.com\/wp-content\/uploads\/2025\/10\/Hoodie-AWJH001-kombo2-768x2379.png 768w, https:\/\/dropinboards.com\/wp-content\/uploads\/2025\/10\/Hoodie-AWJH001-kombo2-496x1536.png 496w, https:\/\/dropinboards.com\/wp-content\/uploads\/2025\/10\/Hoodie-AWJH001-kombo2-661x2048.png 661w, https:\/\/dropinboards.com\/wp-content\/uploads\/2025\/10\/Hoodie-AWJH001-kombo2-4x12.png 4w, https:\/\/dropinboards.com\/wp-content\/uploads\/2025\/10\/Hoodie-AWJH001-kombo2-300x929.png 300w, https:\/\/dropinboards.com\/wp-content\/uploads\/2025\/10\/Hoodie-AWJH001-kombo2-64x198.png 64w, https:\/\/dropinboards.com\/wp-content\/uploads\/2025\/10\/Hoodie-AWJH001-kombo2-scaled.png 826w\" sizes=\"(max-width: 600px) 100vw, 600px\" \/><\/a><div class=\"eael-product-title\">\n    <a href=\"https:\/\/dropinboards.com\/sl\/izdelek\/where-is-bine-combo\/\" class=\"woocommerce-LoopProduct-link woocommerce-loop-product__link\"><h5 class=\"woocommerce-loop-product__title\">Where is Bine? Combo<\/h5><\/a>\n    <\/div><div class=\"eael-product-price\"><span class=\"woocommerce-Price-amount amount\"><bdi><span class=\"woocommerce-Price-currencySymbol\">&euro;<\/span>74.80<\/bdi><\/span><\/div>    <a href=\"https:\/\/dropinboards.com\/sl\/izdelek\/where-is-bine-combo\/\" aria-describedby=\"woocommerce_loop_add_to_cart_link_describedby_11311\" data-quantity=\"1\" class=\"button product_type_variable add_to_cart_button\" data-product_id=\"11311\" data-product_sku=\"\" aria-label=\"Izberite mo\u017enosti za \u201cWhere is Bine? Combo\u201d\" rel=\"nofollow\" data-no-translation=\"\" data-trp-gettext=\"\" data-no-translation-aria-label=\"\">Izberite mo\u017enosti<\/a>\t<span id=\"woocommerce_loop_add_to_cart_link_describedby_11311\" class=\"screen-reader-text\">\n\t\tTa izdelek ima ve\u010d razli\u010dic. Mo\u017enosti lahko izberete na strani izdelka\t<\/span>\n    \n<\/div>\n\n<\/li> <li class=\"product\">\n<div class=\"eael-product-wrap\" data-src=\"\" data-src-hover=\"\">\n    <a href=\"https:\/\/dropinboards.com\/sl\/izdelek\/whereisbine\/\" class=\"woocommerce-LoopProduct-link woocommerce-loop-product__link\"><img decoding=\"async\" width=\"600\" height=\"1860\" src=\"https:\/\/dropinboards.com\/wp-content\/uploads\/2025\/04\/Deso-scaled-600x1860.png\" class=\"attachment-woocommerce_thumbnail size-woocommerce_thumbnail wvs-archive-product-image\" alt=\"Where is Bine?\" loading=\"eager\" srcset=\"https:\/\/dropinboards.com\/wp-content\/uploads\/2025\/04\/Deso-scaled-600x1860.png 600w, https:\/\/dropinboards.com\/wp-content\/uploads\/2025\/04\/Deso-scaled-300x930.png 300w, https:\/\/dropinboards.com\/wp-content\/uploads\/2025\/04\/Deso-scaled-64x198.png 64w, https:\/\/dropinboards.com\/wp-content\/uploads\/2025\/04\/Deso-97x300.png 97w, https:\/\/dropinboards.com\/wp-content\/uploads\/2025\/04\/Deso-768x2379.png 768w, https:\/\/dropinboards.com\/wp-content\/uploads\/2025\/04\/Deso-661x2048.png 661w, https:\/\/dropinboards.com\/wp-content\/uploads\/2025\/04\/Deso-4x12.png 4w, https:\/\/dropinboards.com\/wp-content\/uploads\/2025\/04\/Deso-scaled.png 826w\" sizes=\"(max-width: 600px) 100vw, 600px\" \/><\/a><div class=\"eael-product-title\">\n    <a href=\"https:\/\/dropinboards.com\/sl\/izdelek\/whereisbine\/\" class=\"woocommerce-LoopProduct-link woocommerce-loop-product__link\"><h5 class=\"woocommerce-loop-product__title\">Where is Bine?<\/h5><\/a>\n    <\/div><div class=\"eael-product-price\"><span class=\"woocommerce-Price-amount amount\"><bdi><span class=\"woocommerce-Price-currencySymbol\">&euro;<\/span>59.90<\/bdi><\/span><\/div>    <a href=\"https:\/\/dropinboards.com\/sl\/izdelek\/whereisbine\/\" aria-describedby=\"woocommerce_loop_add_to_cart_link_describedby_11258\" data-quantity=\"1\" class=\"button product_type_variable add_to_cart_button\" data-product_id=\"11258\" data-product_sku=\"\" aria-label=\"Izberite mo\u017enosti za \u201cWhere is Bine?\u201d\" rel=\"nofollow\" data-no-translation=\"\" data-trp-gettext=\"\" data-no-translation-aria-label=\"\">Izberite mo\u017enosti<\/a>\t<span id=\"woocommerce_loop_add_to_cart_link_describedby_11258\" class=\"screen-reader-text\">\n\t\tTa izdelek ima ve\u010d razli\u010dic. Mo\u017enosti lahko izberete na strani izdelka\t<\/span>\n    \n<\/div>\n\n<\/li> <li class=\"product\">\n<div class=\"eael-product-wrap\" data-src=\"\" data-src-hover=\"\">\n    <a href=\"https:\/\/dropinboards.com\/sl\/izdelek\/nocturnal\/\" class=\"woocommerce-LoopProduct-link woocommerce-loop-product__link\"><img decoding=\"async\" width=\"314\" height=\"973\" src=\"https:\/\/dropinboards.com\/wp-content\/uploads\/2025\/04\/Dropin-skateboard-Nocturnal-1.png\" class=\"attachment-woocommerce_thumbnail size-woocommerce_thumbnail wvs-archive-product-image\" alt=\"Nocturnal\" loading=\"eager\" srcset=\"https:\/\/dropinboards.com\/wp-content\/uploads\/2025\/04\/Dropin-skateboard-Nocturnal-1.png 314w, https:\/\/dropinboards.com\/wp-content\/uploads\/2025\/04\/Dropin-skateboard-Nocturnal-1-300x930.png 300w, https:\/\/dropinboards.com\/wp-content\/uploads\/2025\/04\/Dropin-skateboard-Nocturnal-1-64x198.png 64w, https:\/\/dropinboards.com\/wp-content\/uploads\/2025\/04\/Dropin-skateboard-Nocturnal-1-97x300.png 97w, https:\/\/dropinboards.com\/wp-content\/uploads\/2025\/04\/Dropin-skateboard-Nocturnal-1-4x12.png 4w\" sizes=\"(max-width: 314px) 100vw, 314px\" \/><\/a><div class=\"eael-product-title\">\n    <a href=\"https:\/\/dropinboards.com\/sl\/izdelek\/nocturnal\/\" class=\"woocommerce-LoopProduct-link woocommerce-loop-product__link\"><h5 class=\"woocommerce-loop-product__title\">Nocturnal<\/h5><\/a>\n    <\/div><div class=\"eael-product-price\"><span class=\"woocommerce-Price-amount amount\"><bdi><span class=\"woocommerce-Price-currencySymbol\">&euro;<\/span>59.90<\/bdi><\/span><\/div>    <a href=\"https:\/\/dropinboards.com\/sl\/izdelek\/nocturnal\/\" aria-describedby=\"woocommerce_loop_add_to_cart_link_describedby_11136\" data-quantity=\"1\" class=\"button product_type_variable add_to_cart_button\" data-product_id=\"11136\" data-product_sku=\"\" aria-label=\"Izberite mo\u017enosti za \u201cNocturnal\u201d\" rel=\"nofollow\" data-no-translation=\"\" data-trp-gettext=\"\" data-no-translation-aria-label=\"\">Izberite mo\u017enosti<\/a>\t<span id=\"woocommerce_loop_add_to_cart_link_describedby_11136\" class=\"screen-reader-text\">\n\t\tTa izdelek ima ve\u010d razli\u010dic. Mo\u017enosti lahko izberete na strani izdelka\t<\/span>\n    \n<\/div>\n\n<\/li> <li class=\"product\">\n<div class=\"eael-product-wrap\" data-src=\"\" data-src-hover=\"\">\n    <a href=\"https:\/\/dropinboards.com\/sl\/izdelek\/uno-sirni-ali-en-se\/\" class=\"woocommerce-LoopProduct-link woocommerce-loop-product__link\"><img decoding=\"async\" width=\"314\" height=\"973\" src=\"https:\/\/dropinboards.com\/wp-content\/uploads\/2024\/05\/Dropin-Skateboard-Burek.png\" class=\"attachment-woocommerce_thumbnail size-woocommerce_thumbnail wvs-archive-product-image\" alt=\"Uno Sirni...&lt;br&gt;Ali En SE\" loading=\"eager\" srcset=\"https:\/\/dropinboards.com\/wp-content\/uploads\/2024\/05\/Dropin-Skateboard-Burek.png 314w, https:\/\/dropinboards.com\/wp-content\/uploads\/2024\/05\/Dropin-Skateboard-Burek-300x930.png 300w, https:\/\/dropinboards.com\/wp-content\/uploads\/2024\/05\/Dropin-Skateboard-Burek-64x198.png 64w, https:\/\/dropinboards.com\/wp-content\/uploads\/2024\/05\/Dropin-Skateboard-Burek-97x300.png 97w, https:\/\/dropinboards.com\/wp-content\/uploads\/2024\/05\/Dropin-Skateboard-Burek-4x12.png 4w\" sizes=\"(max-width: 314px) 100vw, 314px\" \/><\/a><div class=\"eael-product-title\">\n    <a href=\"https:\/\/dropinboards.com\/sl\/izdelek\/uno-sirni-ali-en-se\/\" class=\"woocommerce-LoopProduct-link woocommerce-loop-product__link\"><h5 class=\"woocommerce-loop-product__title\">Uno Sirni...<br>Ali En SE<\/h5><\/a>\n    <\/div><div class=\"eael-product-price\"><span class=\"woocommerce-Price-amount amount\"><bdi><span class=\"woocommerce-Price-currencySymbol\">&euro;<\/span>59.90<\/bdi><\/span><\/div>    <a href=\"https:\/\/dropinboards.com\/sl\/izdelek\/uno-sirni-ali-en-se\/\" aria-describedby=\"woocommerce_loop_add_to_cart_link_describedby_10530\" data-quantity=\"1\" class=\"button product_type_variable add_to_cart_button\" data-product_id=\"10530\" data-product_sku=\"\" aria-label=\"Izberite mo\u017enosti za \u201cUno Sirni...Ali En SE\u201d\" rel=\"nofollow\" data-no-translation=\"\" data-trp-gettext=\"\" data-no-translation-aria-label=\"\">Izberite mo\u017enosti<\/a>\t<span id=\"woocommerce_loop_add_to_cart_link_describedby_10530\" class=\"screen-reader-text\">\n\t\tTa izdelek ima ve\u010d razli\u010dic. Mo\u017enosti lahko izberete na strani izdelka\t<\/span>\n    \n<\/div>\n\n<\/li> <li class=\"product\">\n<div class=\"eael-product-wrap\" data-src=\"\" data-src-hover=\"\">\n    <a href=\"https:\/\/dropinboards.com\/sl\/izdelek\/logo-dropin\/\" class=\"woocommerce-LoopProduct-link woocommerce-loop-product__link\"><img decoding=\"async\" width=\"314\" height=\"973\" src=\"https:\/\/dropinboards.com\/wp-content\/uploads\/2021\/07\/Mockup-Dropin-Skate-Natur-yellow-final-1.png\" class=\"attachment-woocommerce_thumbnail size-woocommerce_thumbnail wvs-archive-product-image\" alt=\"Logo Dropin\" loading=\"eager\" srcset=\"https:\/\/dropinboards.com\/wp-content\/uploads\/2021\/07\/Mockup-Dropin-Skate-Natur-yellow-final-1.png 314w, https:\/\/dropinboards.com\/wp-content\/uploads\/2021\/07\/Mockup-Dropin-Skate-Natur-yellow-final-1-300x930.png 300w, https:\/\/dropinboards.com\/wp-content\/uploads\/2021\/07\/Mockup-Dropin-Skate-Natur-yellow-final-1-64x198.png 64w, https:\/\/dropinboards.com\/wp-content\/uploads\/2021\/07\/Mockup-Dropin-Skate-Natur-yellow-final-1-97x300.png 97w, https:\/\/dropinboards.com\/wp-content\/uploads\/2021\/07\/Mockup-Dropin-Skate-Natur-yellow-final-1-4x12.png 4w\" sizes=\"(max-width: 314px) 100vw, 314px\" \/><\/a><div class=\"eael-product-title\">\n    <a href=\"https:\/\/dropinboards.com\/sl\/izdelek\/logo-dropin\/\" class=\"woocommerce-LoopProduct-link woocommerce-loop-product__link\"><h5 class=\"woocommerce-loop-product__title\">Logo Dropin<\/h5><\/a>\n    <\/div><div class=\"eael-product-price\"><span class=\"woocommerce-Price-amount amount\"><bdi><span class=\"woocommerce-Price-currencySymbol\">&euro;<\/span>39.90<\/bdi><\/span><\/div>    <a href=\"https:\/\/dropinboards.com\/sl\/izdelek\/logo-dropin\/\" aria-describedby=\"woocommerce_loop_add_to_cart_link_describedby_8367\" data-quantity=\"1\" class=\"button product_type_variable add_to_cart_button\" data-product_id=\"8367\" data-product_sku=\"\" aria-label=\"Izberite mo\u017enosti za \u201cLogo Dropin\u201d\" rel=\"nofollow\" data-no-translation=\"\" data-trp-gettext=\"\" data-no-translation-aria-label=\"\">Izberite mo\u017enosti<\/a>\t<span id=\"woocommerce_loop_add_to_cart_link_describedby_8367\" class=\"screen-reader-text\">\n\t\tTa izdelek ima ve\u010d razli\u010dic. Mo\u017enosti lahko izberete na strani izdelka\t<\/span>\n    \n<\/div>\n\n<\/li> <li class=\"product\">\n<div class=\"eael-product-wrap\" data-src=\"\" data-src-hover=\"\">\n    <a href=\"https:\/\/dropinboards.com\/sl\/izdelek\/jessup-griptape\/\" class=\"woocommerce-LoopProduct-link woocommerce-loop-product__link\"><img decoding=\"async\" width=\"314\" height=\"973\" src=\"https:\/\/dropinboards.com\/wp-content\/uploads\/2024\/05\/Griptape-Jessup.png\" class=\"attachment-woocommerce_thumbnail size-woocommerce_thumbnail wvs-archive-product-image\" alt=\"Jessup Griptape\" loading=\"eager\" srcset=\"https:\/\/dropinboards.com\/wp-content\/uploads\/2024\/05\/Griptape-Jessup.png 314w, https:\/\/dropinboards.com\/wp-content\/uploads\/2024\/05\/Griptape-Jessup-300x930.png 300w, https:\/\/dropinboards.com\/wp-content\/uploads\/2024\/05\/Griptape-Jessup-64x198.png 64w, https:\/\/dropinboards.com\/wp-content\/uploads\/2024\/05\/Griptape-Jessup-97x300.png 97w, https:\/\/dropinboards.com\/wp-content\/uploads\/2024\/05\/Griptape-Jessup-4x12.png 4w\" sizes=\"(max-width: 314px) 100vw, 314px\" \/><\/a><div class=\"eael-product-title\">\n    <a href=\"https:\/\/dropinboards.com\/sl\/izdelek\/jessup-griptape\/\" class=\"woocommerce-LoopProduct-link woocommerce-loop-product__link\"><h5 class=\"woocommerce-loop-product__title\">Jessup Griptape<\/h5><\/a>\n    <\/div><div class=\"eael-product-price\"><span class=\"woocommerce-Price-amount amount\"><bdi><span class=\"woocommerce-Price-currencySymbol\">&euro;<\/span>6.80<\/bdi><\/span><\/div>    <a href=\"\/sl\/wp-json\/wp\/v2\/pages\/10084?add-to-cart=10777\" aria-describedby=\"woocommerce_loop_add_to_cart_link_describedby_10777\" data-quantity=\"1\" class=\"button product_type_simple add_to_cart_button ajax_add_to_cart\" data-product_id=\"10777\" data-product_sku=\"\" aria-label=\"Dodaj v ko\u0161arico: \u201cJessup Griptape\u201d\" rel=\"nofollow\" data-success_message=\"\u201cJessup Griptape\u201d je bil dodan v va\u0161o ko\u0161arico\" role=\"button\" data-no-translation=\"\" data-trp-gettext=\"\" data-no-translation-aria-label=\"\" data-no-translation-data-success_message=\"\">V ko\u0161arico<\/a>\t<span id=\"woocommerce_loop_add_to_cart_link_describedby_10777\" class=\"screen-reader-text\">\n\t\t\t<\/span>\n    \n<\/div>\n\n<\/li><\/ul>            <\/div>\n        <\/div>\n\n        <script type=\"text\/javascript\">\n            jQuery(document).ready(function($) {\n                var $scope = jQuery(\".elementor-element-9fcf1c9\");\n                var $products = $('.products', $scope);\n                var $layout_mode = $products.data('layout-mode');\n                \n                if ( $layout_mode === 'masonry' ) {\n                    \/\/ init isotope\n                    var $isotope_products = $products.isotope({\n                        itemSelector: \"li.product\",\n                        layoutMode: $layout_mode,\n                        percentPosition: true\n                    });\n\n                    $isotope_products.imagesLoaded().progress( function() {\n                        $isotope_products.isotope('layout');\n                    })\n                    \n                }\n            });\n        <\/script>\n        \t\t\t\t<\/div>\n\t\t\t\t<\/div>\n\t\t\t\t\t<\/div>\n\t\t\t\t<\/div>\n\t\t\t\t<\/div>","protected":false},"excerpt":{"rendered":"<p>Jessup Griptape &euro;6.80 Add to cart Nocturnal &euro;59.90 Select options This product has multiple variants. The options may be chosen on the product page Where is Bine? &euro;59.90 Select options &#8230;<\/p>","protected":false},"author":3,"featured_media":9361,"parent":0,"menu_order":0,"comment_status":"closed","ping_status":"closed","template":"","meta":{"footnotes":""},"class_list":["post-10084","page","type-page","status-publish","has-post-thumbnail","hentry"],"jetpack_sharing_enabled":true,"_links":{"self":[{"href":"https:\/\/dropinboards.com\/sl\/wp-json\/wp\/v2\/pages\/10084","targetHints":{"allow":["GET"]}}],"collection":[{"href":"https:\/\/dropinboards.com\/sl\/wp-json\/wp\/v2\/pages"}],"about":[{"href":"https:\/\/dropinboards.com\/sl\/wp-json\/wp\/v2\/types\/page"}],"author":[{"embeddable":true,"href":"https:\/\/dropinboards.com\/sl\/wp-json\/wp\/v2\/users\/3"}],"replies":[{"embeddable":true,"href":"https:\/\/dropinboards.com\/sl\/wp-json\/wp\/v2\/comments?post=10084"}],"version-history":[{"count":43,"href":"https:\/\/dropinboards.com\/sl\/wp-json\/wp\/v2\/pages\/10084\/revisions"}],"predecessor-version":[{"id":11336,"href":"https:\/\/dropinboards.com\/sl\/wp-json\/wp\/v2\/pages\/10084\/revisions\/11336"}],"wp:featuredmedia":[{"embeddable":true,"href":"https:\/\/dropinboards.com\/sl\/wp-json\/wp\/v2\/media\/9361"}],"wp:attachment":[{"href":"https:\/\/dropinboards.com\/sl\/wp-json\/wp\/v2\/media?parent=10084"}],"curies":[{"name":"wp","href":"https:\/\/api.w.org\/{rel}","templated":true}]}}